{"id":95,"date":"2016-10-11T23:31:34","date_gmt":"2016-10-12T05:31:34","guid":{"rendered":"http:\/\/famensal.com\/2016\/?page_id=95"},"modified":"2017-07-21T14:59:15","modified_gmt":"2017-07-21T20:59:15","slug":"inicio","status":"publish","type":"page","link":"https:\/\/famensal.com\/2016\/","title":{"rendered":"Inicio"},"content":{"rendered":"<p>[et_pb_section bb_built=\u00bb1&#8243; admin_label=\u00bbSection\u00bb padding_mobile=\u00bboff\u00bb fullwidth=\u00bbon\u00bb][et_pb_fullwidth_slider admin_label=\u00bbProductos Destacados\u00bb auto=\u00bbon\u00bb auto_speed=\u00bb10000&#8243; auto_ignore_hover=\u00bbon\u00bb top_padding=\u00bb70px\u00bb bottom_padding=\u00bb70px\u00bb show_image_video_mobile=\u00bbon\u00bb header_font_size=\u00bb22px\u00bb body_font_size=\u00bb12px\u00bb body_line_height=\u00bb1.6em\u00bb] [et_pb_slide heading=\u00bbM\u00c1QUINA VERTICAL AUTOM\u00c1TICA ENVASADORA DE L\u00cdQUIDOS, MODELO EL-50 DOBLE\u00bb button_text=\u00bbM\u00e1s informaci\u00f3n\u00bb background_image=\u00bbhttp:\/\/famensal.com\/2016\/wp-content\/uploads\/2017\/06\/fondo-banner-general.jpg\u00bb background_color=\u00bb#1e73be\u00bb image=\u00bbhttp:\/\/famensal.com\/2016\/wp-content\/uploads\/2016\/10\/EL-DOBLE-50-Envasadora-vertical-automatica-liquidos.png\u00bb use_bg_overlay=\u00bboff\u00bb use_text_overlay=\u00bboff\u00bb image_alt=\u00bbEL-DOBLE 50 Envasadora autom\u00e1tica para l\u00edquidos\u00bb background_layout=\u00bblight\u00bb admin_title=\u00bbEL-50 DOBLE\u00bb header_font=\u00bb||||\u00bb body_font=\u00bb||||\u00bb button_icon_placement=\u00bbright\u00bb button_on_hover=\u00bbon\u00bb]<\/p>\n<p>Fabricada en acero inoxidable 304, una versi\u00f3n robusta de FAMENSAL dise\u00f1ada con doble l\u00ednea de producci\u00f3n. Indicada para envasar productos l\u00edquidos en bolsas (fundas) pl\u00e1sticas<\/p>\n<p>[\/et_pb_slide][et_pb_slide heading=\u00bbENFARDADORA E-PLUS\u00bb button_text=\u00bbM\u00e1s informaci\u00f3n\u00bb button_link=\u00bbhttp:\/\/famensal.com\/2016\/envasadoras-automaticas\/enfardadoras\/enfardadora-e-plus\/\u00bb background_image=\u00bbhttp:\/\/famensal.com\/2016\/wp-content\/uploads\/2017\/06\/fondo-banner-general.jpg\u00bb background_color=\u00bb#1e73be\u00bb image=\u00bbhttp:\/\/famensal.com\/2016\/wp-content\/uploads\/2017\/06\/enfardadora_-E-PLUS.png\u00bb use_bg_overlay=\u00bboff\u00bb use_text_overlay=\u00bboff\u00bb image_alt=\u00bbSACHET DTS-2 Envasadora vertical automatica polvo granulos finos\u00bb background_layout=\u00bblight\u00bb admin_title=\u00bbENFARDADORA EPLUS\u00bb header_font=\u00bb||||\u00bb body_font=\u00bb||||\u00bb button_icon_placement=\u00bbright\u00bb button_on_hover=\u00bbon\u00bb]<\/p>\n<p style=\"text-align: justify;\">Enfardadora E-PLUS. Ha sido proyectada sobre una estructura de acero, ofreciendo lo \u00faltimo en desarrollo tecnol\u00f3gico. Dise\u00f1ada para realizar hasta 6 fardos por minuto de producto previamente empacado.<\/p>\n<p>[\/et_pb_slide][et_pb_slide heading=\u00bbMULTI-LINE\u00bb button_text=\u00bbM\u00e1s informaci\u00f3n\u00bb button_link=\u00bbhttp:\/\/famensal.com\/2016\/envasadoras-automaticas\/granulados\/multiline\/\u00bb background_image=\u00bbhttp:\/\/famensal.com\/2016\/wp-content\/uploads\/2017\/06\/fondo-banner-general.jpg\u00bb background_color=\u00bb#1e73be\u00bb image=\u00bbhttp:\/\/famensal.com\/2016\/wp-content\/uploads\/2017\/06\/MULTILINE-WEB.png\u00bb use_bg_overlay=\u00bboff\u00bb use_text_overlay=\u00bboff\u00bb image_alt=\u00bbSACHET DTS-2 Envasadora vertical automatica polvo granulos finos\u00bb background_layout=\u00bblight\u00bb admin_title=\u00bbMULTILINE\u00bb header_font=\u00bb||||\u00bb body_font=\u00bb||||\u00bb button_icon_placement=\u00bbright\u00bb button_on_hover=\u00bbon\u00bb]<\/p>\n<p style=\"text-align: justify;\">Esta m\u00e1quina esta dise\u00f1ada para formar, llenar y sellar autom\u00e1ticamente el producto en sobres m\u00faltiples de cuatro sellos (Tipo Sachet). Optimizando el sellado en cuatro lineas de producci\u00f3n<\/p>\n<p>[\/et_pb_slide][et_pb_slide heading=\u00bbMULTIBAG\u00bb button_text=\u00bbM\u00e1s informaci\u00f3n\u00bb button_link=\u00bbhttp:\/\/famensal.com\/2016\/envasadoras-automaticas\/polvos\/multibag\/\u00bb background_image=\u00bbhttp:\/\/famensal.com\/2016\/wp-content\/uploads\/2017\/06\/fondo-banner-general.jpg\u00bb background_color=\u00bb#1e73be\u00bb image=\u00bbhttp:\/\/famensal.com\/2016\/wp-content\/uploads\/2017\/06\/multibag.png\u00bb use_bg_overlay=\u00bboff\u00bb use_text_overlay=\u00bboff\u00bb image_alt=\u00bbSACHET DTS-2 Envasadora vertical automatica polvo granulos finos\u00bb background_layout=\u00bblight\u00bb admin_title=\u00bbMULTIBAG\u00bb header_font=\u00bb||||\u00bb body_font=\u00bb||||\u00bb button_icon_placement=\u00bbright\u00bb button_on_hover=\u00bbon\u00bb]<\/p>\n<p style=\"text-align: justify;\">Esta m\u00e1quina esta fabricada totalmente en acero ioxidable 304. Y esta dise\u00f1ada para formar, llenar y sellar autom\u00e1ticamente el producto en sobres m\u00faltiples de cuatro sellos (Tipo Sachet). Optimizando el sellado en cuatro lineas de producci\u00f3n<\/p>\n<p>[\/et_pb_slide] [\/et_pb_fullwidth_slider][\/et_pb_section][et_pb_section bb_built=\u00bb1&#8243; admin_label=\u00bbsection\u00bb background_color=\u00bb#074180&#8243; background_image=\u00bbhttp:\/\/famensal.com\/2016\/wp-content\/uploads\/2017\/03\/bg-tecnologia.jpg\u00bb parallax=\u00bbon\u00bb parallax_method=\u00bboff\u00bb custom_padding_phone=\u00bb0px|0px|0px|0px\u00bb custom_padding_last_edited=\u00bbon|phone\u00bb][et_pb_row admin_label=\u00bbrow\u00bb make_fullwidth=\u00bbon\u00bb use_custom_gutter=\u00bbon\u00bb gutter_width=\u00bb1&#8243; column_padding_mobile=\u00bbon\u00bb custom_padding_phone=\u00bb0px|0px|30px|0px\u00bb custom_padding_last_edited=\u00bbon|phone\u00bb][et_pb_column type=\u00bb4_4&#8243;][et_pb_image admin_label=\u00bbImagen\u00bb src=\u00bbhttp:\/\/famensal.com\/2016\/wp-content\/uploads\/2016\/10\/separador06.png\u00bb animation=\u00bboff\u00bb align=\u00bbcenter\u00bb show_in_lightbox=\u00bboff\u00bb url_new_window=\u00bboff\u00bb use_overlay=\u00bboff\u00bb sticky=\u00bboff\u00bb always_center_on_mobile=\u00bbon\u00bb use_border_color=\u00bboff\u00bb border_color=\u00bb#ffffff\u00bb border_style=\u00bbsolid\u00bb force_fullwidth=\u00bboff\u00bb \/][\/et_pb_column][\/et_pb_row][et_pb_row admin_label=\u00bbrow\u00bb custom_padding=\u00bb28px||41px|\u00bb column_padding_mobile=\u00bbon\u00bb][et_pb_column type=\u00bb4_4&#8243;][et_pb_cta admin_label=\u00bbLlamada a la acci\u00f3n\u00bb title=\u00bbALTA TECNOLOG\u00cdA\u00bb button_url=\u00bb\/2016\/nosotros\/\u00bb button_text=\u00bbCONOZCA M\u00c1S DE FAMENSAL\u00bb use_background_color=\u00bboff\u00bb header_font=\u00bbRoboto Light||||\u00bb header_font_size=\u00bb62px\u00bb body_font=\u00bbRoboto Condensed||||\u00bb body_font_size=\u00bb18px\u00bb body_line_height=\u00bb1.8em\u00bb inline_fonts=\u00bbArvo\u00bb header_font_size_last_edited=\u00bbon|phone\u00bb header_font_size_phone=\u00bb44px\u00bb]<\/p>\n<p>Sabemos que para nuestros clientes es muy importante un producto de calidad; es por eso que nuestra empresa esta de la mano con la tecnolog\u00eda en los procesos de producci\u00f3n de nuestras m\u00e1quinas y equipos de envasado al tiempo que proporciona a\u00a0 nuestros clientes soluciones completas para la automatizaci\u00f3n de su l\u00ednea de producci\u00f3n<\/p>\n<p>[\/et_pb_cta][\/et_pb_column][\/et_pb_row][et_pb_row admin_label=\u00bbrow\u00bb make_fullwidth=\u00bbon\u00bb use_custom_gutter=\u00bbon\u00bb gutter_width=\u00bb1&#8243; column_padding_mobile=\u00bbon\u00bb custom_padding_phone=\u00bb30px|0px|0px|0px\u00bb custom_padding_last_edited=\u00bbon|phone\u00bb][et_pb_column type=\u00bb4_4&#8243;][et_pb_image admin_label=\u00bbImagen\u00bb src=\u00bbhttp:\/\/famensal.com\/2016\/wp-content\/uploads\/2016\/10\/separador07.png\u00bb animation=\u00bboff\u00bb align=\u00bbcenter\u00bb show_in_lightbox=\u00bboff\u00bb url_new_window=\u00bboff\u00bb use_overlay=\u00bboff\u00bb sticky=\u00bboff\u00bb always_center_on_mobile=\u00bbon\u00bb use_border_color=\u00bboff\u00bb border_color=\u00bb#ffffff\u00bb border_style=\u00bbsolid\u00bb force_fullwidth=\u00bboff\u00bb \/][\/et_pb_column][\/et_pb_row][\/et_pb_section][et_pb_section bb_built=\u00bb1&#8243; admin_label=\u00bbSecci\u00f3n\u00bb background_image=\u00bbhttp:\/\/famensal.com\/2016\/wp-content\/uploads\/2017\/05\/Fondo-planos.jpg\u00bb parallax=\u00bbon\u00bb parallax_method=\u00bboff\u00bb custom_padding=\u00bb0px||79px|\u00bb padding_mobile=\u00bboff\u00bb disabled_on=\u00bboff|off|off\u00bb locked=\u00bboff\u00bb][et_pb_row admin_label=\u00bbFila\u00bb make_fullwidth=\u00bbon\u00bb use_custom_gutter=\u00bbon\u00bb gutter_width=\u00bb3&#8243; custom_padding=\u00bb0px|0px|17px|0px\u00bb padding_mobile=\u00bboff\u00bb custom_margin=\u00bb20|||\u00bb column_padding_mobile=\u00bbon\u00bb padding_top_1=\u00bb35px\u00bb padding_bottom_1=\u00bb35px\u00bb][et_pb_column type=\u00bb4_4&#8243;][et_pb_text admin_label=\u00bbTexto\u00bb text_orientation=\u00bbcenter\u00bb]<\/p>\n<h1>SOLUCIONES DE ENVASADO DE ACUERDO A SU PRODUCTO<\/h1>\n<p>[\/et_pb_text][\/et_pb_column][\/et_pb_row][et_pb_row admin_label=\u00bbFila\u00bb make_fullwidth=\u00bbon\u00bb use_custom_gutter=\u00bbon\u00bb gutter_width=\u00bb3&#8243; custom_padding=\u00bb20px|50px|20px|50px\u00bb padding_mobile=\u00bboff\u00bb make_equal=\u00bbon\u00bb column_padding_mobile=\u00bbon\u00bb background_color_1=\u00bbrgba(255,255,255,0.65)\u00bb background_color_2=\u00bbrgba(255,255,255,0.65)\u00bb background_color_3=\u00bbrgba(255,255,255,0.65)\u00bb background_color_4=\u00bbrgba(255,255,255,0.65)\u00bb padding_bottom_1=\u00bb25px\u00bb padding_bottom_2=\u00bb25px\u00bb padding_bottom_3=\u00bb25px\u00bb padding_bottom_4=\u00bb25px\u00bb custom_css_main_1=\u00bbbox-shadow: 2px 2px 12px rgba(0,0,0,0.35)\u00bb custom_css_main_2=\u00bbbox-shadow: 2px 2px 12px rgba(0,0,0,0.35)\u00bb custom_css_main_3=\u00bbbox-shadow: 2px 2px 12px rgba(0,0,0,0.35)\u00bb custom_css_main_4=\u00bbbox-shadow: 2px 2px 12px rgba(0,0,0,0.35)\u00bb disabled_on=\u00bboff|off|off\u00bb locked=\u00bboff\u00bb][et_pb_column type=\u00bb1_4&#8243;][et_pb_blurb admin_label=\u00bbGranulados\u00bb title=\u00bbAutom\u00e1ticas Ganulados\u00bb url=\u00bbhttp:\/\/famensal.com\/2016\/envasadoras-automaticas\/granulados\/\u00bb icon_color=\u00bb#7EBEC5&#8243; image=\u00bbhttp:\/\/famensal.com\/2016\/wp-content\/uploads\/2017\/04\/foto-granulados.jpg\u00bb alt=\u00bbEnvasadoras autom\u00e1ticas para Granulados\u00bb text_orientation=\u00bbcenter\u00bb]<\/p>\n<p>Envasadoras autom\u00e1ticas para granulados como caf\u00e9, frijoles, arroz, semillas, etc.<\/p>\n<p>[\/et_pb_blurb][\/et_pb_column][et_pb_column type=\u00bb1_4&#8243;][et_pb_blurb admin_label=\u00bbL\u00edquidos\u00bb title=\u00bbAutom\u00e1ticas L\u00edquidos\u00bb url=\u00bbhttp:\/\/famensal.com\/2016\/envasadoras-automaticas\/liquidos\/\u00bb icon_color=\u00bb#7EBEC5&#8243; image=\u00bbhttp:\/\/famensal.com\/2016\/wp-content\/uploads\/2017\/04\/foto-liquidos.jpg\u00bb alt=\u00bbEnvasadoras autom\u00e1ticas para l\u00edquidos\u00bb text_orientation=\u00bbcenter\u00bb]<\/p>\n<p>Envasadoras autom\u00e1ticas para l\u00edquidos\u00a0como detergentes l\u00edquidos, shampoo, etc.<\/p>\n<p>[\/et_pb_blurb][\/et_pb_column][et_pb_column type=\u00bb1_4&#8243;][et_pb_blurb admin_label=\u00bbPulverizados\u00bb title=\u00bbAutom\u00e1ticas Polvos\u00bb url=\u00bbhttp:\/\/famensal.com\/2016\/envasadoras-automaticas\/polvos\/\u00bb icon_color=\u00bb#7EBEC5&#8243; image=\u00bbhttp:\/\/famensal.com\/2016\/wp-content\/uploads\/2017\/04\/foto-polvos.jpg\u00bb alt=\u00bbEnvasadoras autom\u00e1ticas para Polvos o Pulverizados\u00bb text_orientation=\u00bbcenter\u00bb]<\/p>\n<p>Envasadoras autom\u00e1ticas para polvos\u00a0como detergentes, azucar, especies, etc.<\/p>\n<p>[\/et_pb_blurb][\/et_pb_column][et_pb_column type=\u00bb1_4&#8243;][et_pb_blurb admin_label=\u00bbSemi-autom\u00e1ticas\u00bb title=\u00bbSemi-Autom\u00e1ticas\u00bb url=\u00bbhttp:\/\/famensal.com\/2016\/semiautomaticas\/\u00bb icon_color=\u00bb#7EBEC5&#8243; image=\u00bbhttp:\/\/famensal.com\/2016\/wp-content\/uploads\/2017\/04\/foto-semiautomaticos.jpg\u00bb alt=\u00bbEnvasadoras Semi-Autom\u00e1ticas\u00bb text_orientation=\u00bbcenter\u00bb]<\/p>\n<p>Envasadoras\u00a0semi-autom\u00e1ticas para m\u00faltiples funciones y tipos de productos<\/p>\n<p>[\/et_pb_blurb][\/et_pb_column][\/et_pb_row][\/et_pb_section][et_pb_section bb_built=\u00bb1&#8243; admin_label=\u00bbSecci\u00f3n\u00bb background_color=\u00bb#5f5f5f\u00bb padding_mobile=\u00bboff\u00bb][et_pb_row admin_label=\u00bbrow\u00bb make_fullwidth=\u00bbon\u00bb use_custom_gutter=\u00bbon\u00bb gutter_width=\u00bb1&#8243; padding_mobile=\u00bboff\u00bb background_color=\u00bb#074180&#8243; column_padding_mobile=\u00bbon\u00bb custom_css_main_element=\u00bbborder-top: solid 8px #f18647;\u00bb][et_pb_column type=\u00bb4_4&#8243;][et_pb_text admin_label=\u00bbTexto\u00bb background_layout=\u00bbdark\u00bb text_orientation=\u00bbcenter\u00bb custom_padding=\u00bb50px||50px|\u00bb]<\/p>\n<h1>Sobre\u00a0Famensal<\/h1>\n<p>[\/et_pb_text][\/et_pb_column][\/et_pb_row][et_pb_row admin_label=\u00bbFila\u00bb make_fullwidth=\u00bbon\u00bb use_custom_gutter=\u00bbon\u00bb gutter_width=\u00bb3&#8243; padding_mobile=\u00bboff\u00bb parallax=\u00bbon\u00bb parallax_method=\u00bboff\u00bb make_equal=\u00bbon\u00bb background_color_1=\u00bb#4c4c4c\u00bb padding_top_2=\u00bb30px\u00bb padding_bottom_2=\u00bb30px\u00bb parallax_method_1=\u00bboff\u00bb parallax_method_2=\u00bboff\u00bb][et_pb_column type=\u00bb1_2&#8243;][et_pb_image admin_label=\u00bbImagen\u00bb src=\u00bbhttp:\/\/famensal.com\/2016\/wp-content\/uploads\/2016\/10\/fachada-empresa-900.jpg\u00bb animation=\u00bbfade_in\u00bb \/][\/et_pb_column][et_pb_column type=\u00bb1_2&#8243;][et_pb_image admin_label=\u00bb25 a\u00f1os de experiencia a tu servicio\u00bb src=\u00bbhttp:\/\/famensal.com\/2016\/wp-content\/uploads\/2016\/10\/25-anios-de-experiencia-a-tu-servicios.png\u00bb alt=\u00bb25 a\u00f1os de experiencia a tu servicio\u00bb title_text=\u00bb25 a\u00f1os de experiencia a tu servicio\u00bb align=\u00bbcenter\u00bb max_width=\u00bb400px\u00bb custom_margin=\u00bb0px||20px|\u00bb \/][et_pb_text admin_label=\u00bbTexto\u00bb background_layout=\u00bbdark\u00bb text_font_size=\u00bb13px\u00bb text_line_height=\u00bb1.6em\u00bb]<\/p>\n<p>Somos una empresa Salvadore\u00f1a con m\u00e1s de 25 a\u00f1os de experiencia en la fabricaci\u00f3n e innovaci\u00f3n de m\u00e1quinas empacadoras y envasadoras autom\u00e1ticas de productos l\u00edquidos, granulados y viscosos.<\/p>\n<p>Nuestra innovaci\u00f3n y tecnolog\u00eda nos permite ofrecer una l\u00ednea extensa de maquinaria, que se adapta a las necesidades de nuestros clientes.<\/p>\n<p>Para FAMENSAL es un orgullo brindar el apoyo necesario en la productividad de nuestros clientes nacionales e internacionales.<\/p>\n<p>[\/et_pb_text][\/et_pb_column][\/et_pb_row][\/et_pb_section][et_pb_section bb_built=\u00bb1&#8243; admin_label=\u00bbSecci\u00f3n\u00bb padding_mobile=\u00bboff\u00bb][et_pb_row admin_label=\u00bbFila\u00bb make_fullwidth=\u00bbon\u00bb custom_padding=\u00bb85px||85px|\u00bb padding_mobile=\u00bboff\u00bb column_padding_mobile=\u00bbon\u00bb parallax_method_1=\u00bboff\u00bb][et_pb_column type=\u00bb4_4&#8243;][et_pb_text admin_label=\u00bbClientes\u00bb text_orientation=\u00bbcenter\u00bb custom_padding=\u00bb||25px|\u00bb]<\/p>\n<h2>Nuestros Clientes<\/h2>\n<p><ul class=\"kiwi-logo-carousel kiwi-logo-carousel-clientes default align-center col4\"><li style=\"height:150px;\" ><div class=\"helper\" style=\"height:150px; width:200px;\" ><img src=\"https:\/\/famensal.com\/2016\/wp-content\/uploads\/2017\/04\/logo-cliente-temporal.jpg\" alt=\"Cliente\" title=\"Cliente\" style=\"max-width:200px; padding-left: 0px; padding-right:0px\" ><\/div><\/li><li style=\"height:150px;\" ><div class=\"helper\" style=\"height:150px; width:200px;\" ><img src=\"https:\/\/famensal.com\/2016\/wp-content\/uploads\/2017\/04\/logo-cliente-temporal.jpg\" alt=\"Cliente\" title=\"Cliente\" style=\"max-width:200px; padding-left: 0px; padding-right:0px\" ><\/div><\/li><li style=\"height:150px;\" ><div class=\"helper\" style=\"height:150px; width:200px;\" ><img src=\"https:\/\/famensal.com\/2016\/wp-content\/uploads\/2017\/04\/logo-cliente-temporal.jpg\" alt=\"Cliente\" title=\"Cliente\" style=\"max-width:200px; padding-left: 0px; padding-right:0px\" ><\/div><\/li><li style=\"height:150px;\" ><div class=\"helper\" style=\"height:150px; width:200px;\" ><img src=\"https:\/\/famensal.com\/2016\/wp-content\/uploads\/2017\/04\/logo-cliente-temporal.jpg\" alt=\"Cliente\" title=\"Cliente\" style=\"max-width:200px; padding-left: 0px; padding-right:0px\" ><\/div><\/li><li style=\"height:150px;\" ><div class=\"helper\" style=\"height:150px; width:200px;\" ><img src=\"https:\/\/famensal.com\/2016\/wp-content\/uploads\/2017\/04\/logo-cliente-temporal.jpg\" alt=\"Cliente\" title=\"Cliente\" style=\"max-width:200px; padding-left: 0px; padding-right:0px\" ><\/div><\/li><li style=\"height:150px;\" ><div class=\"helper\" style=\"height:150px; width:200px;\" ><img src=\"https:\/\/famensal.com\/2016\/wp-content\/uploads\/2017\/04\/logo-cliente-temporal.jpg\" alt=\"Cliente\" title=\"Cliente\" style=\"max-width:200px; padding-left: 0px; padding-right:0px\" ><\/div><\/li><li style=\"height:150px;\" ><div class=\"helper\" style=\"height:150px; width:200px;\" ><img src=\"https:\/\/famensal.com\/2016\/wp-content\/uploads\/2017\/04\/logo-cliente-temporal.jpg\" alt=\"Cliente\" title=\"Cliente\" style=\"max-width:200px; padding-left: 0px; padding-right:0px\" ><\/div><\/li><\/ul><br \/>\n[\/et_pb_text][et_pb_button admin_label=\u00bbListado completo\u00bb button_url=\u00bb\/2016\/nuestros-clientes\/\u00bb button_text=\u00bbListado completo\u00bb button_alignment=\u00bbcenter\u00bb background_color=\u00bb#074080&#8243; \/][\/et_pb_column][\/et_pb_row][\/et_pb_section][et_pb_section bb_built=\u00bb1&#8243; admin_label=\u00bbsection\u00bb transparent_background=\u00bboff\u00bb background_color=\u00bb#001f51&#8243; allow_player_pause=\u00bboff\u00bb inner_shadow=\u00bboff\u00bb parallax=\u00bboff\u00bb parallax_method=\u00bbon\u00bb custom_padding=\u00bb50px|50px|50px|50px\u00bb padding_mobile=\u00bboff\u00bb make_fullwidth=\u00bboff\u00bb use_custom_width=\u00bboff\u00bb width_unit=\u00bboff\u00bb custom_width_px=\u00bb1080px\u00bb custom_width_percent=\u00bb80%\u00bb make_equal=\u00bboff\u00bb use_custom_gutter=\u00bboff\u00bb gutter_width=\u00bb3&#8243; fullwidth=\u00bboff\u00bb specialty=\u00bboff\u00bb parallax_1=\u00bboff\u00bb parallax_2=\u00bboff\u00bb parallax_3=\u00bboff\u00bb parallax_method_1=\u00bbon\u00bb parallax_method_2=\u00bbon\u00bb parallax_method_3=\u00bbon\u00bb disabled_on=\u00bboff|off|off\u00bb disabled=\u00bboff\u00bb global_module=\u00bb389&#8243;][et_pb_row admin_label=\u00bbrow\u00bb global_parent=\u00bb389&#8243; make_fullwidth=\u00bbon\u00bb use_custom_width=\u00bboff\u00bb width_unit=\u00bboff\u00bb custom_width_px=\u00bb1080px\u00bb custom_width_percent=\u00bb80%\u00bb use_custom_gutter=\u00bbon\u00bb gutter_width=\u00bb3&#8243; custom_padding=\u00bb50px|50px|50px|50px\u00bb padding_mobile=\u00bboff\u00bb allow_player_pause=\u00bboff\u00bb parallax=\u00bboff\u00bb parallax_method=\u00bbon\u00bb make_equal=\u00bboff\u00bb column_padding_mobile=\u00bbon\u00bb parallax_1=\u00bboff\u00bb parallax_method_1=\u00bbon\u00bb parallax_2=\u00bboff\u00bb parallax_method_2=\u00bbon\u00bb parallax_3=\u00bboff\u00bb parallax_method_3=\u00bbon\u00bb parallax_4=\u00bboff\u00bb parallax_method_4=\u00bbon\u00bb disabled_on=\u00bboff|off|off\u00bb disabled=\u00bboff\u00bb locked=\u00bboff\u00bb][et_pb_column type=\u00bb1_3&#8243;][et_pb_blurb admin_label=\u00bbDirecci\u00f3n\u00bb global_parent=\u00bb389&#8243; title=\u00bbDirecci\u00f3n\u00bb url_new_window=\u00bboff\u00bb use_icon=\u00bbon\u00bb font_icon=\u00bb\ue083\u00bb icon_color=\u00bb#f18647&#8243; use_circle=\u00bboff\u00bb circle_color=\u00bb#074080&#8243; use_circle_border=\u00bboff\u00bb circle_border_color=\u00bb#074080&#8243; icon_placement=\u00bbleft\u00bb animation=\u00bbtop\u00bb background_layout=\u00bbdark\u00bb text_orientation=\u00bbcenter\u00bb use_icon_font_size=\u00bboff\u00bb icon_font_size=\u00bb96px\u00bb disabled_on=\u00bboff|off|off\u00bb use_border_color=\u00bboff\u00bb border_color=\u00bb#ffffff\u00bb border_width=\u00bb1px\u00bb border_style=\u00bbsolid\u00bb disabled=\u00bboff\u00bb locked=\u00bboff\u00bb] Kil\u00f3metro 11 \u00bd Autopista a Comalapa. San Marcos. El Salvador, Centroamerica. [\/et_pb_blurb][et_pb_blurb admin_label=\u00bbTel\u00e9fonos Email\u00bb global_parent=\u00bb389&#8243; title=\u00bbCont\u00e1ctenos\u00bb url_new_window=\u00bboff\u00bb use_icon=\u00bbon\u00bb font_icon=\u00bb\ue090\u00bb icon_color=\u00bb#f18647&#8243; use_circle=\u00bboff\u00bb circle_color=\u00bb#074080&#8243; use_circle_border=\u00bboff\u00bb circle_border_color=\u00bb#074080&#8243; icon_placement=\u00bbleft\u00bb animation=\u00bbtop\u00bb background_layout=\u00bbdark\u00bb text_orientation=\u00bbcenter\u00bb use_icon_font_size=\u00bboff\u00bb use_border_color=\u00bboff\u00bb border_color=\u00bb#ffffff\u00bb border_style=\u00bbsolid\u00bb disabled=\u00bboff\u00bb] PBX.(503) 2205-6800 Fax.(503) 2205-6820 Correos Electr\u00f3nicos:<\/p>\n<ul>\n<li><span style=\"color: #ffffff;\"><a style=\"color: #ffffff;\" href=\"mailto:info@famensal.com\">info@famensal.com<\/a><\/span><\/li>\n<li><span style=\"color: #ffffff;\"><a style=\"color: #ffffff;\" href=\"mailto:ventas@famensal.com\">ventas@famensal.com<\/a><\/span><\/li>\n<li><span style=\"color: #ffffff;\"><a style=\"color: #ffffff;\" href=\"mailto:desarrollotecnologia@famensal.com\">desarrollotecnologia@famensal.com<\/a><\/span><\/li>\n<\/ul>\n<p>[\/et_pb_blurb][\/et_pb_column][et_pb_column type=\u00bb1_3&#8243;][et_pb_image admin_label=\u00bbImagen\u00bb global_parent=\u00bb389&#8243; src=\u00bbhttp:\/\/famensal.com\/2016\/wp-content\/uploads\/2016\/10\/Banner-Ubicacion.jpg\u00bb alt=\u00bbMapa de Ubicaci\u00f3n\u00bb title_text=\u00bbMapa de Ubicaci\u00f3n\u00bb show_in_lightbox=\u00bboff\u00bb url=\u00bbhttp:\/\/famensal.com\/2016\/contactenos\/\u00bb url_new_window=\u00bboff\u00bb use_overlay=\u00bboff\u00bb animation=\u00bbleft\u00bb sticky=\u00bboff\u00bb align=\u00bbleft\u00bb force_fullwidth=\u00bboff\u00bb always_center_on_mobile=\u00bbon\u00bb disabled_on=\u00bboff|off|off\u00bb locked=\u00bboff\u00bb disabled=\u00bboff\u00bb use_border_color=\u00bboff\u00bb border_color=\u00bb#ffffff\u00bb border_style=\u00bbsolid\u00bb \/][\/et_pb_column][et_pb_column type=\u00bb1_3&#8243;][et_pb_image admin_label=\u00bbImagen\u00bb global_parent=\u00bb389&#8243; src=\u00bbhttp:\/\/famensal.com\/2016\/wp-content\/uploads\/2017\/03\/Banner-YouTube.jpg\u00bb alt=\u00bbCanal de YouUbe de FAMENSAL\u00bb title_text=\u00bbCanal de YouUbe de FAMENSAL\u00bb show_in_lightbox=\u00bboff\u00bb url=\u00bbhttps:\/\/www.youtube.com\/channel\/UCY1SFjLJtJrHqVF4S77DKCQ\u00bb url_new_window=\u00bbon\u00bb use_overlay=\u00bboff\u00bb animation=\u00bbleft\u00bb sticky=\u00bboff\u00bb align=\u00bbleft\u00bb force_fullwidth=\u00bboff\u00bb always_center_on_mobile=\u00bbon\u00bb disabled_on=\u00bboff|off|off\u00bb locked=\u00bboff\u00bb disabled=\u00bboff\u00bb use_border_color=\u00bboff\u00bb border_color=\u00bb#ffffff\u00bb border_style=\u00bbsolid\u00bb \/][\/et_pb_column][\/et_pb_row][\/et_pb_section]<\/p>\n","protected":false},"excerpt":{"rendered":"<p>Fabricada en acero inoxidable 304, una versi\u00f3n robusta de FAMENSAL dise\u00f1ada con doble l\u00ednea de producci\u00f3n. Indicada para envasar productos l\u00edquidos en bolsas (fundas) pl\u00e1sticas Enfardadora E-PLUS. Ha sido proyectada sobre una estructura de acero, ofreciendo lo \u00faltimo en desarrollo tecnol\u00f3gico. Dise\u00f1ada para realizar hasta 6 fardos por minuto de producto previamente empacado. Esta m\u00e1quina [&hellip;]<\/p>\n","protected":false},"author":1,"featured_media":135,"parent":0,"menu_order":0,"comment_status":"closed","ping_status":"closed","template":"","meta":{"_et_pb_use_builder":"on","_et_pb_old_content":"","_et_gb_content_width":""},"_links":{"self":[{"href":"https:\/\/famensal.com\/2016\/wp-json\/wp\/v2\/pages\/95"}],"collection":[{"href":"https:\/\/famensal.com\/2016\/wp-json\/wp\/v2\/pages"}],"about":[{"href":"https:\/\/famensal.com\/2016\/wp-json\/wp\/v2\/types\/page"}],"author":[{"embeddable":true,"href":"https:\/\/famensal.com\/2016\/wp-json\/wp\/v2\/users\/1"}],"replies":[{"embeddable":true,"href":"https:\/\/famensal.com\/2016\/wp-json\/wp\/v2\/comments?post=95"}],"version-history":[{"count":91,"href":"https:\/\/famensal.com\/2016\/wp-json\/wp\/v2\/pages\/95\/revisions"}],"predecessor-version":[{"id":958,"href":"https:\/\/famensal.com\/2016\/wp-json\/wp\/v2\/pages\/95\/revisions\/958"}],"wp:featuredmedia":[{"embeddable":true,"href":"https:\/\/famensal.com\/2016\/wp-json\/wp\/v2\/media\/135"}],"wp:attachment":[{"href":"https:\/\/famensal.com\/2016\/wp-json\/wp\/v2\/media?parent=95"}],"curies":[{"name":"wp","href":"https:\/\/api.w.org\/{rel}","templated":true}]}}