{"id":80,"date":"2016-10-11T23:29:59","date_gmt":"2016-10-11T23:29:59","guid":{"rendered":"http:\/\/famensal.com\/2016\/nosotros\/"},"modified":"2017-06-22T15:30:02","modified_gmt":"2017-06-22T21:30:02","slug":"nosotros","status":"publish","type":"page","link":"https:\/\/famensal.com\/2016\/nosotros\/","title":{"rendered":"Nosotros"},"content":{"rendered":"<p>[et_pb_section fb_built=\u00bb1&#8243; background_color=\u00bb#074180&#8243; padding_mobile=\u00bboff\u00bb admin_label=\u00bbsection\u00bb][et_pb_row make_fullwidth=\u00bbon\u00bb custom_padding=\u00bb|||\u00bb padding_mobile=\u00bboff\u00bb make_equal=\u00bbon\u00bb column_padding_mobile=\u00bbon\u00bb background_color_1=\u00bb#353535&#8243; padding_top_2=\u00bb100px\u00bb padding_right_2=\u00bb50px\u00bb padding_bottom_2=\u00bb50px\u00bb padding_left_2=\u00bb50px\u00bb disabled_on=\u00bboff|off|off\u00bb admin_label=\u00bbrow\u00bb locked=\u00bboff\u00bb][et_pb_column type=\u00bb4_4&#8243; background_color=\u00bb#353535&#8243; parallax=\u00bboff\u00bb parallax_method=\u00bbon\u00bb column_padding_mobile=\u00bbon\u00bb][et_pb_image src=\u00bbhttp:\/\/famensal.com\/2016\/wp-content\/uploads\/2016\/10\/fachada-empresa-1650.jpg\u00bb animation=\u00bbfade_in\u00bb admin_label=\u00bbImagen\u00bb][\/et_pb_image][et_pb_text background_layout=\u00bbdark\u00bb text_orientation=\u00bbcenter\u00bb admin_label=\u00bbTexto\u00bb header_line_height=\u00bb1.1em\u00bb custom_margin=\u00bb40px|25px|40px|25px\u00bb custom_padding=\u00bb|||\u00bb]<\/p>\n<h1>Sobre FAMENSAL<br \/>El Salvador<\/h1>\n<p><\/p>\n<p style=\"text-align: justify;\">Somos una empresa salvadore\u00f1a fundada en 1989 con una visi\u00f3n vanguardista y enfocada en la constante innovaci\u00f3n y eficiencia en la fabricaci\u00f3n de equipos tanto autom\u00e1ticos, semi-autom\u00e1ticos as\u00ed como en la calidad total de los mismos.Hoy en d\u00eda, FAMENSAL se ha consolidado gracias a su amplia experiencia en la industria de la fabricaci\u00f3n de maquinas para el envasado de productos l\u00edquidos, polvos, granulados y viscosos.<\/p>\n<p style=\"text-align: justify;\">Para FAMENSAL es importante cubrir las necesidades de nuestros clientes, es por eso que ofrecemos experiencia, capacidad de producci\u00f3n, precio, calidad, garant\u00eda, servicio y una atenci\u00f3n personalizada.<\/p>\n<p>[\/et_pb_text][et_pb_image][\/et_pb_image][et_pb_image src=\u00bbhttp:\/\/famensal.com\/2016\/wp-content\/uploads\/2017\/06\/25-anios-de-experiencia-a-tu-servicios-450.png\u00bb alt=\u00bb25 a\u00f1os de experiencia a tu servicio\u00bb title_text=\u00bb25 a\u00f1os de experiencia a tu servicio\u00bb align=\u00bbcenter\u00bb admin_label=\u00bbImagen\u00bb custom_margin=\u00bb||40px|\u00bb][\/et_pb_image][\/et_pb_column][\/et_pb_row][\/et_pb_section][et_pb_section fb_built=\u00bb1&#8243; background_color=\u00bb#001f51&#8243; custom_padding=\u00bb50px|50px|50px|50px\u00bb padding_mobile=\u00bboff\u00bb make_fullwidth=\u00bbon\u00bb use_custom_gutter=\u00bbon\u00bb gutter_width=\u00bb3&#8243; parallax_1=\u00bboff\u00bb parallax_2=\u00bboff\u00bb parallax_3=\u00bboff\u00bb parallax_method_1=\u00bbon\u00bb parallax_method_2=\u00bbon\u00bb parallax_method_3=\u00bbon\u00bb disabled_on=\u00bboff|off|off\u00bb admin_label=\u00bbImagen\u00bb global_module=\u00bb389&#8243; locked=\u00bboff\u00bb][et_pb_row make_fullwidth=\u00bbon\u00bb use_custom_gutter=\u00bbon\u00bb gutter_width=\u00bb3&#8243; custom_padding=\u00bb50px|50px|50px|50px\u00bb padding_mobile=\u00bboff\u00bb column_padding_mobile=\u00bbon\u00bb disabled_on=\u00bboff|off|off\u00bb admin_label=\u00bbrow\u00bb locked=\u00bboff\u00bb][et_pb_column type=\u00bb1_3&#8243; parallax=\u00bboff\u00bb parallax_method=\u00bbon\u00bb column_padding_mobile=\u00bbon\u00bb][et_pb_blurb title=\u00bbDirecci\u00f3n\u00bb use_icon=\u00bbon\u00bb font_icon=\u00bb\ue083\u00bb icon_color=\u00bb#f18647&#8243; icon_placement=\u00bbleft\u00bb background_layout=\u00bbdark\u00bb text_orientation=\u00bbcenter\u00bb disabled_on=\u00bboff|off|off\u00bb admin_label=\u00bbDirecci\u00f3n\u00bb locked=\u00bboff\u00bb]<\/p>\n<p>Kil\u00f3metro 11 \u00bd Autopista a Comalapa. San Marcos. El Salvador, Centroamerica.<\/p>\n<p>[\/et_pb_blurb][et_pb_blurb title=\u00bbCont\u00e1ctenos\u00bb use_icon=\u00bbon\u00bb font_icon=\u00bb\ue090\u00bb icon_color=\u00bb#f18647&#8243; icon_placement=\u00bbleft\u00bb background_layout=\u00bbdark\u00bb text_orientation=\u00bbcenter\u00bb admin_label=\u00bbTel\u00e9fonos Email\u00bb]<\/p>\n<p>PBX.(503) 2205-6800 Fax.(503) 2205-6820 Correos Electr\u00f3nicos:<\/p>\n<ul>\n<li><span style=\"color: #ffffff;\"><a style=\"color: #ffffff;\" href=\"mailto:info@famensal.com\">info@famensal.com<\/a><\/span><\/li>\n<li><span style=\"color: #ffffff;\"><a style=\"color: #ffffff;\" href=\"mailto:ventas@famensal.com\">ventas@famensal.com<\/a><\/span><\/li>\n<li><span style=\"color: #ffffff;\"><a style=\"color: #ffffff;\" href=\"mailto:desarrollotecnologia@famensal.com\">desarrollotecnologia@famensal.com<\/a><\/span><\/li>\n<\/ul>\n<p>[\/et_pb_blurb][\/et_pb_column][et_pb_column type=\u00bb1_3&#8243; parallax=\u00bboff\u00bb parallax_method=\u00bbon\u00bb column_padding_mobile=\u00bbon\u00bb][et_pb_image src=\u00bbhttp:\/\/famensal.com\/2016\/wp-content\/uploads\/2016\/10\/Banner-Ubicacion.jpg\u00bb alt=\u00bbMapa de Ubicaci\u00f3n\u00bb title_text=\u00bbMapa de Ubicaci\u00f3n\u00bb url=\u00bbhttp:\/\/famensal.com\/2016\/contactenos\/\u00bb disabled_on=\u00bboff|off|off\u00bb admin_label=\u00bbImagen\u00bb locked=\u00bboff\u00bb][\/et_pb_image][\/et_pb_column][et_pb_column type=\u00bb1_3&#8243; parallax=\u00bboff\u00bb parallax_method=\u00bbon\u00bb column_padding_mobile=\u00bbon\u00bb][et_pb_image src=\u00bbhttp:\/\/famensal.com\/2016\/wp-content\/uploads\/2017\/03\/Banner-YouTube.jpg\u00bb alt=\u00bbCanal de YouUbe de FAMENSAL\u00bb title_text=\u00bbCanal de YouUbe de FAMENSAL\u00bb url=\u00bbhttps:\/\/www.youtube.com\/channel\/UCY1SFjLJtJrHqVF4S77DKCQ\u00bb url_new_window=\u00bbon\u00bb disabled_on=\u00bboff|off|off\u00bb admin_label=\u00bbImagen\u00bb locked=\u00bboff\u00bb][\/et_pb_image][\/et_pb_column][\/et_pb_row][\/et_pb_section]<\/p>\n","protected":false},"excerpt":{"rendered":"<p>Sobre FAMENSALEl Salvador Somos una empresa salvadore\u00f1a fundada en 1989 con una visi\u00f3n vanguardista y enfocada en la constante innovaci\u00f3n y eficiencia en la fabricaci\u00f3n de equipos tanto autom\u00e1ticos, semi-autom\u00e1ticos as\u00ed como en la calidad total de los mismos.Hoy en d\u00eda, FAMENSAL se ha consolidado gracias a su amplia experiencia en la industria de la [&hellip;]<\/p>\n","protected":false},"author":1,"featured_media":0,"parent":0,"menu_order":5,"comment_status":"closed","ping_status":"closed","template":"","meta":{"_et_pb_use_builder":"on","_et_pb_old_content":"","_et_gb_content_width":""},"_links":{"self":[{"href":"https:\/\/famensal.com\/2016\/wp-json\/wp\/v2\/pages\/80"}],"collection":[{"href":"https:\/\/famensal.com\/2016\/wp-json\/wp\/v2\/pages"}],"about":[{"href":"https:\/\/famensal.com\/2016\/wp-json\/wp\/v2\/types\/page"}],"author":[{"embeddable":true,"href":"https:\/\/famensal.com\/2016\/wp-json\/wp\/v2\/users\/1"}],"replies":[{"embeddable":true,"href":"https:\/\/famensal.com\/2016\/wp-json\/wp\/v2\/comments?post=80"}],"version-history":[{"count":35,"href":"https:\/\/famensal.com\/2016\/wp-json\/wp\/v2\/pages\/80\/revisions"}],"predecessor-version":[{"id":938,"href":"https:\/\/famensal.com\/2016\/wp-json\/wp\/v2\/pages\/80\/revisions\/938"}],"wp:attachment":[{"href":"https:\/\/famensal.com\/2016\/wp-json\/wp\/v2\/media?parent=80"}],"curies":[{"name":"wp","href":"https:\/\/api.w.org\/{rel}","templated":true}]}}