{"id":684,"date":"2017-06-12T10:26:19","date_gmt":"2017-06-12T16:26:19","guid":{"rendered":"http:\/\/famensal.com\/2016\/?page_id=684"},"modified":"2017-06-16T10:11:01","modified_gmt":"2017-06-16T16:11:01","slug":"multiline","status":"publish","type":"page","link":"https:\/\/famensal.com\/2016\/envasadoras-automaticas\/granulados\/multiline\/","title":{"rendered":"MULTI-LINE"},"content":{"rendered":"<p>[et_pb_section bb_built=\u00bb1&#8243; admin_label=\u00bbsection\u00bb padding_mobile=\u00bboff\u00bb][et_pb_row admin_label=\u00bbFila\u00bb make_fullwidth=\u00bbon\u00bb padding_mobile=\u00bboff\u00bb background_color=\u00bb#074180&#8243; column_padding_mobile=\u00bbon\u00bb padding_top_1=\u00bb35px\u00bb padding_right_1=\u00bb35px\u00bb padding_bottom_1=\u00bb35px\u00bb padding_left_1=\u00bb35px\u00bb parallax_method_1=\u00bboff\u00bb][et_pb_column type=\u00bb4_4&#8243;][et_pb_text admin_label=\u00bbEncabezado\u00bb background_layout=\u00bbdark\u00bb text_orientation=\u00bbleft\u00bb use_border_color=\u00bboff\u00bb border_color=\u00bb#ffffff\u00bb border_style=\u00bbsolid\u00bb]<\/p>\n<h1>MODELO: MULTI-LINE<\/h1>\n<h3>MAQUINA ENVASADORA VERTICAL AUTOMATICA CON DOSIFICADOR DE GAVETAS<\/h3>\n<p>[\/et_pb_text][\/et_pb_column][\/et_pb_row][et_pb_row admin_label=\u00bbrow\u00bb custom_padding=\u00bb100px||100px|\u00bb padding_mobile=\u00bboff\u00bb custom_margin=\u00bb|||\u00bb column_padding_mobile=\u00bbon\u00bb][et_pb_column type=\u00bb1_3&#8243;][et_pb_image admin_label=\u00bbImagen\u00bb src=\u00bbhttp:\/\/famensal.com\/2016\/wp-content\/uploads\/2017\/06\/MULTILINE.jpg\u00bb alt=\u00bb MAQUINA ENVASADORA VERTICAL AUTOMATICA-MODELO MULTI-LINE DOSIFICADOR DE GAVETAS.\u00bb title_text=\u00bbMULTILINE\u00bb show_in_lightbox=\u00bbon\u00bb use_overlay=\u00bbon\u00bb align=\u00bbcenter\u00bb custom_margin=\u00bb|||\u00bb url_new_window=\u00bboff\u00bb sticky=\u00bboff\u00bb always_center_on_mobile=\u00bbon\u00bb use_border_color=\u00bboff\u00bb border_color=\u00bb#ffffff\u00bb border_style=\u00bbsolid\u00bb force_fullwidth=\u00bboff\u00bb animation=\u00bbleft\u00bb \/][\/et_pb_column][et_pb_column type=\u00bb2_3&#8243;][et_pb_text admin_label=\u00bbTexto\u00bb]<\/p>\n<p>Esta m\u00e1quina esta dise\u00f1ada para fabricar sobres m\u00faltiples de cuatro sellos (Tipo Sachet). Trabaja a partir de una pel\u00edcula plana dispuesta en forma de bobina. La maquina tiene la funci\u00f3n de formar, llenar y sellar autom\u00e1ticamente el producto en sobre de cuatro costuras. Cuenta con cuatro l\u00edneas de producci\u00f3n.<\/p>\n<p>El proceso de dosificaci\u00f3n\u00a0 se realiza con un equipo de que se encuentra en la parte superior de la maquina y se compone de dos sistemas de copas volum\u00e9tricas con regulaci\u00f3n independiente siendo pr\u00e1ctico y eficiente al momento de dosificar<\/p>\n<h3>Especificaciones T\u00e9cnicas:<\/h3>\n<div class=\"table-responsive\"><table  style=\"width:100%; \"  class=\"easy-table easy-table-minimal table table-striped\" >\n<thead>\r\n<tr><th >Producto a Empacar:<\/th>\n<th >\u00bbPolvos y Gr\u00e1nulo Finos.\u00bb<\/th>\n<\/tr>\n<\/thead>\n<tbody>\r\n<tr><td >Peso a Dosificar:<\/td>\n<td >Desde 1 \u2013 5 lbs.<\/td>\n<\/tr>\n\r\n<tr><td >Tipo Dosificado:<\/td>\n<td >Tornillo sin fin.<\/td>\n<\/tr>\n\r\n<tr><td >Material de Empaque:<\/td>\n<td >\u00bbPapel Laminado<\/td>\n<td >Polipropileno<\/td>\n<td >Celof\u00e1n etc.\u00bb<\/td>\n<\/tr>\n\r\n<tr><td >Accionamiento de Mordaza:<\/td>\n<td >Servo Motorizada.<\/td>\n<\/tr>\n\r\n<tr><td >Producci\u00f3n:<\/td>\n<td >\u00bb3<\/td>\n<td >000 Paquete por Hora.\u00bb<\/td>\n<\/tr>\n\r\n<tr><td >Exactitud de Peso: <\/td>\n<td >+\/- 1 %.<\/td>\n<\/tr>\n\r\n<tr><td >Tecnolog\u00eda Empleada:<\/td>\n<td >Allen Bradley.<\/td>\n<\/tr>\n\r\n<tr><td >Circuito Comandado:<\/td>\n<td >\u00bb220 v. Trif\u00e1sico 60 Oz.\u00bb<\/td>\n<\/tr>\n\r\n<tr><td >Ancho de Film:<\/td>\n<td >\u00bb560 mm<\/td>\n<td > M\u00e1ximo.\u00bb<\/td>\n<\/tr>\n<\/tbody><\/table><\/div> [\/et_pb_text][et_pb_text admin_label=\u00bbVideo\u00bb]<\/p>\n<h3>Video<\/h3>\n<p>[\/et_pb_text][\/et_pb_column][\/et_pb_row][et_pb_row admin_label=\u00bbFila\u00bb make_fullwidth=\u00bbon\u00bb custom_padding=\u00bb50px|35px|50px|35px\u00bb padding_mobile=\u00bboff\u00bb background_color=\u00bb#dddddd\u00bb column_padding_mobile=\u00bbon\u00bb parallax_method_1=\u00bboff\u00bb][et_pb_column type=\u00bb4_4&#8243;][et_pb_contact_form admin_label=\u00bbFormulario de contacto\u00bb email=\u00bbinfo@famensal.com\u00bb title=\u00bbNecesita m\u00e1s informaci\u00f3n de este producto\u00bb custom_message=\u00bbSolicitud de informaci\u00f3n recibida en famensal.com:||et_pb_line_break_holder||||et_pb_line_break_holder||Producto: ECV-1000||et_pb_line_break_holder||Nombre: %%Nombre%%||et_pb_line_break_holder||E-mail: %%Email%%||et_pb_line_break_holder||Mensaje: %%Mensaje%%\u00bb module_id=\u00bbet_pb_contact_form_0&#8243;] [et_pb_contact_field field_id=\u00bbNombre\u00bb field_title=\u00bbNombre\u00bb form_field_font=\u00bb||||\u00bb use_border_color=\u00bboff\u00bb] [\/et_pb_contact_field][et_pb_contact_field field_id=\u00bbEmail\u00bb field_title=\u00bbDirecci\u00f3n de correo electr\u00f3nico\u00bb field_type=\u00bbemail\u00bb form_field_font=\u00bb||||\u00bb use_border_color=\u00bboff\u00bb] [\/et_pb_contact_field][et_pb_contact_field field_id=\u00bbMensaje\u00bb field_title=\u00bbMensaje\u00bb field_type=\u00bbtext\u00bb fullwidth_field=\u00bbon\u00bb form_field_font=\u00bb||||\u00bb use_border_color=\u00bboff\u00bb] [\/et_pb_contact_field] [\/et_pb_contact_form][\/et_pb_column][\/et_pb_row][\/et_pb_section][et_pb_section bb_built=\u00bb1&#8243; admin_label=\u00bbsection\u00bb transparent_background=\u00bboff\u00bb background_color=\u00bb#001f51&#8243; allow_player_pause=\u00bboff\u00bb inner_shadow=\u00bboff\u00bb parallax=\u00bboff\u00bb parallax_method=\u00bbon\u00bb custom_padding=\u00bb50px|50px|50px|50px\u00bb padding_mobile=\u00bboff\u00bb make_fullwidth=\u00bboff\u00bb use_custom_width=\u00bboff\u00bb width_unit=\u00bboff\u00bb custom_width_px=\u00bb1080px\u00bb custom_width_percent=\u00bb80%\u00bb make_equal=\u00bboff\u00bb use_custom_gutter=\u00bboff\u00bb gutter_width=\u00bb3&#8243; fullwidth=\u00bboff\u00bb specialty=\u00bboff\u00bb parallax_1=\u00bboff\u00bb parallax_2=\u00bboff\u00bb parallax_3=\u00bboff\u00bb parallax_method_1=\u00bbon\u00bb parallax_method_2=\u00bbon\u00bb parallax_method_3=\u00bbon\u00bb disabled_on=\u00bboff|off|off\u00bb disabled=\u00bboff\u00bb global_module=\u00bb389&#8243;][et_pb_row admin_label=\u00bbrow\u00bb global_parent=\u00bb389&#8243; make_fullwidth=\u00bbon\u00bb use_custom_width=\u00bboff\u00bb width_unit=\u00bboff\u00bb custom_width_px=\u00bb1080px\u00bb custom_width_percent=\u00bb80%\u00bb use_custom_gutter=\u00bbon\u00bb gutter_width=\u00bb3&#8243; custom_padding=\u00bb50px|50px|50px|50px\u00bb padding_mobile=\u00bboff\u00bb allow_player_pause=\u00bboff\u00bb parallax=\u00bboff\u00bb parallax_method=\u00bbon\u00bb make_equal=\u00bboff\u00bb column_padding_mobile=\u00bbon\u00bb parallax_1=\u00bboff\u00bb parallax_method_1=\u00bbon\u00bb parallax_2=\u00bboff\u00bb parallax_method_2=\u00bbon\u00bb parallax_3=\u00bboff\u00bb parallax_method_3=\u00bbon\u00bb parallax_4=\u00bboff\u00bb parallax_method_4=\u00bbon\u00bb disabled_on=\u00bboff|off|off\u00bb disabled=\u00bboff\u00bb locked=\u00bboff\u00bb][et_pb_column type=\u00bb1_3&#8243;][et_pb_blurb admin_label=\u00bbDirecci\u00f3n\u00bb global_parent=\u00bb389&#8243; title=\u00bbDirecci\u00f3n\u00bb url_new_window=\u00bboff\u00bb use_icon=\u00bbon\u00bb font_icon=\u00bb\ue083\u00bb icon_color=\u00bb#f18647&#8243; use_circle=\u00bboff\u00bb circle_color=\u00bb#074080&#8243; use_circle_border=\u00bboff\u00bb circle_border_color=\u00bb#074080&#8243; icon_placement=\u00bbleft\u00bb animation=\u00bbtop\u00bb background_layout=\u00bbdark\u00bb text_orientation=\u00bbcenter\u00bb use_icon_font_size=\u00bboff\u00bb icon_font_size=\u00bb96px\u00bb disabled_on=\u00bboff|off|off\u00bb use_border_color=\u00bboff\u00bb border_color=\u00bb#ffffff\u00bb border_width=\u00bb1px\u00bb border_style=\u00bbsolid\u00bb disabled=\u00bboff\u00bb locked=\u00bboff\u00bb] Kil\u00f3metro 11 \u00bd Autopista a Comalapa. San Marcos. El Salvador, Centroamerica. [\/et_pb_blurb][et_pb_blurb admin_label=\u00bbTel\u00e9fonos Email\u00bb global_parent=\u00bb389&#8243; title=\u00bbCont\u00e1ctenos\u00bb url_new_window=\u00bboff\u00bb use_icon=\u00bbon\u00bb font_icon=\u00bb\ue090\u00bb icon_color=\u00bb#f18647&#8243; use_circle=\u00bboff\u00bb circle_color=\u00bb#074080&#8243; use_circle_border=\u00bboff\u00bb circle_border_color=\u00bb#074080&#8243; icon_placement=\u00bbleft\u00bb animation=\u00bbtop\u00bb background_layout=\u00bbdark\u00bb text_orientation=\u00bbcenter\u00bb use_icon_font_size=\u00bboff\u00bb use_border_color=\u00bboff\u00bb border_color=\u00bb#ffffff\u00bb border_style=\u00bbsolid\u00bb disabled=\u00bboff\u00bb] PBX.(503) 2205-6800 Fax.(503) 2205-6820 Correos Electr\u00f3nicos:<\/p>\n<ul>\n<li><span style=\"color: #ffffff;\"><a style=\"color: #ffffff;\" href=\"mailto:info@famensal.com\">info@famensal.com<\/a><\/span><\/li>\n<li><span style=\"color: #ffffff;\"><a style=\"color: #ffffff;\" href=\"mailto:ventas@famensal.com\">ventas@famensal.com<\/a><\/span><\/li>\n<li><span style=\"color: #ffffff;\"><a style=\"color: #ffffff;\" href=\"mailto:desarrollotecnologia@famensal.com\">desarrollotecnologia@famensal.com<\/a><\/span><\/li>\n<\/ul>\n<p>[\/et_pb_blurb][\/et_pb_column][et_pb_column type=\u00bb1_3&#8243;][et_pb_image admin_label=\u00bbImagen\u00bb global_parent=\u00bb389&#8243; src=\u00bbhttp:\/\/famensal.com\/2016\/wp-content\/uploads\/2016\/10\/Banner-Ubicacion.jpg\u00bb alt=\u00bbMapa de Ubicaci\u00f3n\u00bb title_text=\u00bbMapa de Ubicaci\u00f3n\u00bb show_in_lightbox=\u00bboff\u00bb url=\u00bbhttp:\/\/famensal.com\/2016\/contactenos\/\u00bb url_new_window=\u00bboff\u00bb use_overlay=\u00bboff\u00bb animation=\u00bbleft\u00bb sticky=\u00bboff\u00bb align=\u00bbleft\u00bb force_fullwidth=\u00bboff\u00bb always_center_on_mobile=\u00bbon\u00bb disabled_on=\u00bboff|off|off\u00bb locked=\u00bboff\u00bb disabled=\u00bboff\u00bb use_border_color=\u00bboff\u00bb border_color=\u00bb#ffffff\u00bb border_style=\u00bbsolid\u00bb \/][\/et_pb_column][et_pb_column type=\u00bb1_3&#8243;][et_pb_image admin_label=\u00bbImagen\u00bb global_parent=\u00bb389&#8243; src=\u00bbhttp:\/\/famensal.com\/2016\/wp-content\/uploads\/2017\/03\/Banner-YouTube.jpg\u00bb alt=\u00bbCanal de YouUbe de FAMENSAL\u00bb title_text=\u00bbCanal de YouUbe de FAMENSAL\u00bb show_in_lightbox=\u00bboff\u00bb url=\u00bbhttps:\/\/www.youtube.com\/channel\/UCY1SFjLJtJrHqVF4S77DKCQ\u00bb url_new_window=\u00bbon\u00bb use_overlay=\u00bboff\u00bb animation=\u00bbleft\u00bb sticky=\u00bboff\u00bb align=\u00bbleft\u00bb force_fullwidth=\u00bboff\u00bb always_center_on_mobile=\u00bbon\u00bb disabled_on=\u00bboff|off|off\u00bb locked=\u00bboff\u00bb disabled=\u00bboff\u00bb use_border_color=\u00bboff\u00bb border_color=\u00bb#ffffff\u00bb border_style=\u00bbsolid\u00bb \/][\/et_pb_column][\/et_pb_row][\/et_pb_section]<\/p>\n","protected":false},"excerpt":{"rendered":"<p>MODELO: MULTI-LINE MAQUINA ENVASADORA VERTICAL AUTOMATICA CON DOSIFICADOR DE GAVETAS Esta m\u00e1quina esta dise\u00f1ada para fabricar sobres m\u00faltiples de cuatro sellos (Tipo Sachet). Trabaja a partir de una pel\u00edcula plana dispuesta en forma de bobina. La maquina tiene la funci\u00f3n de formar, llenar y sellar autom\u00e1ticamente el producto en sobre de cuatro costuras. Cuenta con [&hellip;]<\/p>\n","protected":false},"author":1,"featured_media":692,"parent":137,"menu_order":13,"comment_status":"closed","ping_status":"closed","template":"","meta":{"_et_pb_use_builder":"on","_et_pb_old_content":"","_et_gb_content_width":""},"_links":{"self":[{"href":"https:\/\/famensal.com\/2016\/wp-json\/wp\/v2\/pages\/684"}],"collection":[{"href":"https:\/\/famensal.com\/2016\/wp-json\/wp\/v2\/pages"}],"about":[{"href":"https:\/\/famensal.com\/2016\/wp-json\/wp\/v2\/types\/page"}],"author":[{"embeddable":true,"href":"https:\/\/famensal.com\/2016\/wp-json\/wp\/v2\/users\/1"}],"replies":[{"embeddable":true,"href":"https:\/\/famensal.com\/2016\/wp-json\/wp\/v2\/comments?post=684"}],"version-history":[{"count":23,"href":"https:\/\/famensal.com\/2016\/wp-json\/wp\/v2\/pages\/684\/revisions"}],"predecessor-version":[{"id":861,"href":"https:\/\/famensal.com\/2016\/wp-json\/wp\/v2\/pages\/684\/revisions\/861"}],"up":[{"embeddable":true,"href":"https:\/\/famensal.com\/2016\/wp-json\/wp\/v2\/pages\/137"}],"wp:featuredmedia":[{"embeddable":true,"href":"https:\/\/famensal.com\/2016\/wp-json\/wp\/v2\/media\/692"}],"wp:attachment":[{"href":"https:\/\/famensal.com\/2016\/wp-json\/wp\/v2\/media?parent=684"}],"curies":[{"name":"wp","href":"https:\/\/api.w.org\/{rel}","templated":true}]}}