{"id":155,"date":"2016-11-15T15:35:23","date_gmt":"2016-11-15T21:35:23","guid":{"rendered":"http:\/\/famensal.com\/2016\/semiautomaticas\/llb-6\/"},"modified":"2017-03-08T11:34:24","modified_gmt":"2017-03-08T17:34:24","slug":"llb-6","status":"publish","type":"page","link":"https:\/\/famensal.com\/2016\/semiautomaticas\/llb-6\/","title":{"rendered":"LLB-6"},"content":{"rendered":"<p>[et_pb_section admin_label=\u00bbsection\u00bb transparent_background=\u00bboff\u00bb allow_player_pause=\u00bboff\u00bb inner_shadow=\u00bboff\u00bb parallax=\u00bboff\u00bb parallax_method=\u00bbon\u00bb padding_mobile=\u00bboff\u00bb make_fullwidth=\u00bboff\u00bb use_custom_width=\u00bboff\u00bb width_unit=\u00bboff\u00bb custom_width_px=\u00bb1080px\u00bb custom_width_percent=\u00bb80%\u00bb make_equal=\u00bboff\u00bb use_custom_gutter=\u00bboff\u00bb fullwidth=\u00bboff\u00bb specialty=\u00bboff\u00bb disabled=\u00bboff\u00bb][et_pb_row admin_label=\u00bbFila\u00bb make_fullwidth=\u00bbon\u00bb use_custom_width=\u00bboff\u00bb width_unit=\u00bbon\u00bb custom_width_px=\u00bb1080px\u00bb custom_width_percent=\u00bb80%\u00bb use_custom_gutter=\u00bboff\u00bb gutter_width=\u00bb1&#8243; padding_mobile=\u00bboff\u00bb background_color=\u00bb#074180&#8243; allow_player_pause=\u00bboff\u00bb parallax=\u00bboff\u00bb parallax_method=\u00bboff\u00bb make_equal=\u00bboff\u00bb column_padding_mobile=\u00bbon\u00bb padding_top_1=\u00bb35px\u00bb padding_right_1=\u00bb35px\u00bb padding_bottom_1=\u00bb35px\u00bb padding_left_1=\u00bb35px\u00bb parallax_1=\u00bboff\u00bb parallax_method_1=\u00bboff\u00bb parallax_2=\u00bboff\u00bb parallax_method_2=\u00bbon\u00bb parallax_3=\u00bboff\u00bb parallax_method_3=\u00bbon\u00bb parallax_4=\u00bboff\u00bb parallax_method_4=\u00bbon\u00bb disabled=\u00bboff\u00bb][et_pb_column type=\u00bb4_4&#8243;][et_pb_text admin_label=\u00bbEncabezado\u00bb background_layout=\u00bbdark\u00bb text_orientation=\u00bbleft\u00bb use_border_color=\u00bboff\u00bb border_style=\u00bbsolid\u00bb disabled=\u00bboff\u00bb border_color=\u00bb#ffffff\u00bb]<\/p>\n<h1>MODELO LLB -6<\/h1>\n<h3>Maquina Llenadora Lineal de Boquillas Semi Autom\u00e1tica.<\/h3>\n<p>[\/et_pb_text][\/et_pb_column][\/et_pb_row][et_pb_row admin_label=\u00bbrow\u00bb make_fullwidth=\u00bboff\u00bb use_custom_width=\u00bboff\u00bb width_unit=\u00bboff\u00bb custom_width_px=\u00bb1080px\u00bb custom_width_percent=\u00bb80%\u00bb use_custom_gutter=\u00bboff\u00bb gutter_width=\u00bb1&#8243; custom_padding=\u00bb100px||100px|\u00bb padding_mobile=\u00bboff\u00bb custom_margin=\u00bb|||\u00bb allow_player_pause=\u00bboff\u00bb parallax=\u00bboff\u00bb parallax_method=\u00bbon\u00bb make_equal=\u00bboff\u00bb column_padding_mobile=\u00bbon\u00bb parallax_1=\u00bboff\u00bb parallax_method_1=\u00bbon\u00bb parallax_2=\u00bboff\u00bb parallax_method_2=\u00bbon\u00bb parallax_3=\u00bboff\u00bb parallax_method_3=\u00bbon\u00bb parallax_4=\u00bboff\u00bb parallax_method_4=\u00bbon\u00bb disabled=\u00bboff\u00bb][et_pb_column type=\u00bb1_3&#8243;][et_pb_image admin_label=\u00bbImagen\u00bb src=\u00bbhttp:\/\/famensal.com\/2016\/wp-content\/uploads\/2016\/11\/LLB-6-Llenadora-Lineal-Semiautomatica-de-boquillas.jpg\u00bb alt=\u00bbMODELO LLB -6 Maquina Llenadora Lineal de Boquillas Semi Autom\u00e1tica.\u00bb title_text=\u00bbMODELO LLB -6 Maquina Llenadora Lineal de Boquillas Semi Autom\u00e1tica.\u00bb show_in_lightbox=\u00bbon\u00bb url_new_window=\u00bboff\u00bb use_overlay=\u00bbon\u00bb sticky=\u00bboff\u00bb align=\u00bbcenter\u00bb force_fullwidth=\u00bboff\u00bb always_center_on_mobile=\u00bbon\u00bb use_border_color=\u00bboff\u00bb border_color=\u00bb#ffffff\u00bb border_style=\u00bbsolid\u00bb disabled=\u00bboff\u00bb animation=\u00bbleft\u00bb] [\/et_pb_image][\/et_pb_column][et_pb_column type=\u00bb2_3&#8243;][et_pb_text admin_label=\u00bbTexto\u00bb background_layout=\u00bblight\u00bb text_orientation=\u00bbleft\u00bb use_border_color=\u00bboff\u00bb border_style=\u00bbsolid\u00bb disabled=\u00bboff\u00bb border_color=\u00bb#ffffff\u00bb]<\/p>\n<p>Las maquinas llenadoras semi-autom\u00e1ticas lineales gravitatorias de boquillas con retorno de llenado son las m\u00e1s adecuadas para el envasado de l\u00edquidos con baja viscosidad. Estas boquillas son los m\u00e1s ideales para llenar productos espumosos. Algunos ejemplos de productos que se pueden llenar con este sistema son: salsas, refrescos, aceite, productos qu\u00edmicos de limpieza, agua, t\u00e9, etc.<\/p>\n<p>Esta llenadora esta dise\u00f1ados para manejar todo tipo de envases pl\u00e1stico r\u00edgido, metal, vidrio. Todas nuestras m\u00e1quinas de llenado se fabrican en pesados marcos de acero inoxidable.<\/p>\n<p>&nbsp;<\/p>\n<h3>Especificaciones T\u00e9cnicas:<\/h3>\n<p><div class=\"table-responsive\"><table  style=\"width:100%; \"  class=\"easy-table easy-table-minimal table table-striped\" >\n<thead>\r\n<tr><th >RANGO DE VOLUMEN A LLENAR<\/th>\n<th > Desde 50ml. A 1000ml.<\/th>\n<\/tr>\n<\/thead>\n<tbody>\r\n<tr><td >PRODUCCI\u00d3N<\/td>\n<td > Seg\u00fan cantidad de boquillas<\/td>\n<\/tr>\n\r\n<tr><td >ALTO<\/td>\n<td > \u00a010cm hasta 350cm<\/td>\n<\/tr>\n<\/tbody><\/table><\/div> [\/et_pb_text][\/et_pb_column][\/et_pb_row][et_pb_row admin_label=\u00bbFila\u00bb make_fullwidth=\u00bbon\u00bb use_custom_width=\u00bboff\u00bb width_unit=\u00bbon\u00bb use_custom_gutter=\u00bboff\u00bb custom_padding=\u00bb50px|35px|50px|35px\u00bb padding_mobile=\u00bboff\u00bb background_color=\u00bb#dddddd\u00bb allow_player_pause=\u00bboff\u00bb parallax=\u00bboff\u00bb parallax_method=\u00bboff\u00bb make_equal=\u00bboff\u00bb parallax_1=\u00bboff\u00bb parallax_method_1=\u00bboff\u00bb column_padding_mobile=\u00bbon\u00bb][et_pb_column type=\u00bb4_4&#8243;][et_pb_contact_form admin_label=\u00bbFormulario de contacto\u00bb captcha=\u00bbon\u00bb email=\u00bbinfo@famensal.com\u00bb title=\u00bbNecesita m\u00e1s informaci\u00f3n de este producto\u00bb custom_message=\u00bbSolicitud de informaci\u00f3n recibida en famensal.com:<\/p>\n<p>Producto: LLB-6<br \/>\nNombre: %%Nombre%%<br \/>\nE-mail: %%Email%%<br \/>\nMensaje: %%Mensaje%%\u00bb use_redirect=\u00bboff\u00bb input_border_radius=\u00bb0&#8243; use_border_color=\u00bboff\u00bb border_color=\u00bb#ffffff\u00bb border_style=\u00bbsolid\u00bb custom_button=\u00bboff\u00bb button_letter_spacing=\u00bb0&#8243; button_use_icon=\u00bbdefault\u00bb button_icon_placement=\u00bbright\u00bb button_on_hover=\u00bbon\u00bb button_letter_spacing_hover=\u00bb0&#8243;] [et_pb_contact_field field_title=\u00bbNombre\u00bb field_type=\u00bbinput\u00bb field_id=\u00bbNombre\u00bb required_mark=\u00bbon\u00bb fullwidth_field=\u00bboff\u00bb form_field_font_select=\u00bbdefault\u00bb form_field_font=\u00bb||||\u00bb use_border_color=\u00bboff\u00bb border_style=\u00bbsolid\u00bb] [\/et_pb_contact_field][et_pb_contact_field field_title=\u00bbDirecci\u00f3n de correo electr\u00f3nico\u00bb field_type=\u00bbemail\u00bb field_id=\u00bbEmail\u00bb required_mark=\u00bbon\u00bb fullwidth_field=\u00bboff\u00bb form_field_font_select=\u00bbdefault\u00bb form_field_font=\u00bb||||\u00bb use_border_color=\u00bboff\u00bb border_style=\u00bbsolid\u00bb] [\/et_pb_contact_field][et_pb_contact_field field_title=\u00bbMensaje\u00bb field_type=\u00bbtext\u00bb field_id=\u00bbMensaje\u00bb required_mark=\u00bbon\u00bb fullwidth_field=\u00bbon\u00bb form_field_font_select=\u00bbdefault\u00bb form_field_font=\u00bb||||\u00bb use_border_color=\u00bboff\u00bb border_style=\u00bbsolid\u00bb] [\/et_pb_contact_field] [\/et_pb_contact_form][\/et_pb_column][\/et_pb_row][\/et_pb_section][et_pb_section admin_label=\u00bbsection\u00bb global_module=\u00bb389&#8243; transparent_background=\u00bboff\u00bb background_color=\u00bb#001f51&#8243; allow_player_pause=\u00bboff\u00bb inner_shadow=\u00bboff\u00bb parallax=\u00bboff\u00bb parallax_method=\u00bbon\u00bb padding_mobile=\u00bboff\u00bb make_fullwidth=\u00bboff\u00bb use_custom_width=\u00bboff\u00bb width_unit=\u00bboff\u00bb make_equal=\u00bboff\u00bb use_custom_gutter=\u00bboff\u00bb fullwidth=\u00bboff\u00bb specialty=\u00bboff\u00bb disabled=\u00bboff\u00bb][et_pb_row global_parent=\u00bb389&#8243; admin_label=\u00bbrow\u00bb make_fullwidth=\u00bbon\u00bb use_custom_width=\u00bboff\u00bb width_unit=\u00bboff\u00bb custom_width_px=\u00bb1080px\u00bb custom_width_percent=\u00bb80%\u00bb use_custom_gutter=\u00bbon\u00bb gutter_width=\u00bb3&#8243; custom_padding=\u00bb50px|50px|50px|50px\u00bb padding_mobile=\u00bboff\u00bb allow_player_pause=\u00bboff\u00bb parallax=\u00bboff\u00bb parallax_method=\u00bbon\u00bb make_equal=\u00bboff\u00bb column_padding_mobile=\u00bbon\u00bb parallax_1=\u00bboff\u00bb parallax_method_1=\u00bbon\u00bb parallax_2=\u00bboff\u00bb parallax_method_2=\u00bbon\u00bb parallax_3=\u00bboff\u00bb parallax_method_3=\u00bbon\u00bb parallax_4=\u00bboff\u00bb parallax_method_4=\u00bbon\u00bb disabled_on=\u00bboff|off|off\u00bb disabled=\u00bboff\u00bb locked=\u00bboff\u00bb][et_pb_column type=\u00bb1_3&#8243;][et_pb_blurb global_parent=\u00bb389&#8243; admin_label=\u00bbDirecci\u00f3n\u00bb title=\u00bbDirecci\u00f3n\u00bb url_new_window=\u00bboff\u00bb use_icon=\u00bbon\u00bb font_icon=\u00bb\ue083\u00bb icon_color=\u00bb#f18647&#8243; use_circle=\u00bboff\u00bb circle_color=\u00bb#074080&#8243; use_circle_border=\u00bboff\u00bb circle_border_color=\u00bb#074080&#8243; icon_placement=\u00bbleft\u00bb animation=\u00bbtop\u00bb background_layout=\u00bbdark\u00bb text_orientation=\u00bbcenter\u00bb use_icon_font_size=\u00bboff\u00bb disabled_on=\u00bboff|off|off\u00bb use_border_color=\u00bboff\u00bb border_color=\u00bb#ffffff\u00bb border_style=\u00bbsolid\u00bb disabled=\u00bboff\u00bb locked=\u00bboff\u00bb]<\/p>\n<p>Kil\u00f3metro 11 \u00bd Autopista a Comalapa. San Marcos. El Salvador, Centroamerica.<\/p>\n<p>[\/et_pb_blurb][et_pb_blurb global_parent=\u00bb389&#8243; admin_label=\u00bbTel\u00e9fonos Email\u00bb title=\u00bbCont\u00e1ctenos\u00bb url_new_window=\u00bboff\u00bb use_icon=\u00bbon\u00bb font_icon=\u00bb\ue090\u00bb icon_color=\u00bb#f18647&#8243; use_circle=\u00bboff\u00bb circle_color=\u00bb#074080&#8243; use_circle_border=\u00bboff\u00bb circle_border_color=\u00bb#074080&#8243; icon_placement=\u00bbleft\u00bb animation=\u00bbtop\u00bb background_layout=\u00bbdark\u00bb text_orientation=\u00bbcenter\u00bb use_icon_font_size=\u00bboff\u00bb use_border_color=\u00bboff\u00bb border_color=\u00bb#ffffff\u00bb border_style=\u00bbsolid\u00bb disabled=\u00bboff\u00bb]<\/p>\n<p>PBX.(503) 2205-6800<br \/>\nFax.(503) 2205-6820<br \/>\nEmail info@famensal.com<\/p>\n<p>[\/et_pb_blurb][\/et_pb_column][et_pb_column type=\u00bb1_3&#8243;][et_pb_blurb global_parent=\u00bb389&#8243; admin_label=\u00bbUbicaci\u00f3n\u00bb title=\u00bbUbicaci\u00f3n\u00bb url_new_window=\u00bboff\u00bb use_icon=\u00bbon\u00bb font_icon=\u00bb\ue081\u00bb icon_color=\u00bb#f18647&#8243; use_circle=\u00bboff\u00bb circle_color=\u00bb#074080&#8243; use_circle_border=\u00bboff\u00bb circle_border_color=\u00bb#074080&#8243; icon_placement=\u00bbleft\u00bb animation=\u00bbtop\u00bb background_layout=\u00bbdark\u00bb text_orientation=\u00bbcenter\u00bb use_icon_font_size=\u00bboff\u00bb disabled_on=\u00bboff|off|off\u00bb use_border_color=\u00bboff\u00bb border_color=\u00bb#ffffff\u00bb border_style=\u00bbsolid\u00bb disabled=\u00bboff\u00bb locked=\u00bboff\u00bb] [\/et_pb_blurb][et_pb_map global_parent=\u00bb389&#8243; admin_label=\u00bbMapa\u00bb address=\u00bbAutopista Comalapa, San Salvador, El Salvador\u00bb zoom_level=\u00bb16&#8243; address_lat=\u00bb13.651486448262977&#8243; address_lng=\u00bb-89.17253314688571&#8243; mouse_wheel=\u00bboff\u00bb mobile_dragging=\u00bbon\u00bb use_grayscale_filter=\u00bboff\u00bb disabled_on=\u00bboff|off|off\u00bb disabled=\u00bboff\u00bb locked=\u00bboff\u00bb] [et_pb_map_pin title=\u00bbFamensal El Salvador\u00bb pin_address=\u00bbAutopista Comalapa, San Salvador, El Salvador\u00bb pin_address_lat=\u00bb13.65155421555683&#8243; pin_address_lng=\u00bb-89.17248486712344&#8243; disabled=\u00bboff\u00bb] [\/et_pb_map_pin] [\/et_pb_map][\/et_pb_column][et_pb_column type=\u00bb1_3&#8243;][et_pb_blurb global_parent=\u00bb389&#8243; admin_label=\u00bbRedes sociales\u00bb title=\u00bbRedes Sociales\u00bb url_new_window=\u00bboff\u00bb use_icon=\u00bbon\u00bb font_icon=\u00bb\ue09e\u00bb icon_color=\u00bb#f18647&#8243; use_circle=\u00bboff\u00bb circle_color=\u00bb#074080&#8243; use_circle_border=\u00bboff\u00bb circle_border_color=\u00bb#074080&#8243; icon_placement=\u00bbleft\u00bb animation=\u00bbtop\u00bb background_layout=\u00bbdark\u00bb text_orientation=\u00bbcenter\u00bb use_icon_font_size=\u00bboff\u00bb disabled_on=\u00bboff|off|off\u00bb use_border_color=\u00bboff\u00bb border_color=\u00bb#ffffff\u00bb border_style=\u00bbsolid\u00bb disabled=\u00bboff\u00bb locked=\u00bboff\u00bb] [\/et_pb_blurb][et_pb_social_media_follow global_parent=\u00bb389&#8243; admin_label=\u00bbSeguir en medios sociales\u00bb link_shape=\u00bbcircle\u00bb background_layout=\u00bbdark\u00bb url_new_window=\u00bbon\u00bb follow_button=\u00bboff\u00bb disabled=\u00bboff\u00bb] [et_pb_social_media_follow_network social_network=\u00bbyoutube\u00bb url=\u00bbhttps:\/\/www.youtube.com\/channel\/UCY1SFjLJtJrHqVF4S77DKCQ\u00bb skype_action=\u00bbcall\u00bb bg_color=\u00bb#a82400&#8243; disabled=\u00bboff\u00bb link_shape=\u00bbcircle\u00bb follow_button=\u00bboff\u00bb url_new_window=\u00bbon\u00bb] Youtube [\/et_pb_social_media_follow_network] [\/et_pb_social_media_follow][\/et_pb_column][\/et_pb_row][\/et_pb_section]<\/p>\n","protected":false},"excerpt":{"rendered":"<p>MODELO LLB -6 Maquina Llenadora Lineal de Boquillas Semi Autom\u00e1tica. Las maquinas llenadoras semi-autom\u00e1ticas lineales gravitatorias de boquillas con retorno de llenado son las m\u00e1s adecuadas para el envasado de l\u00edquidos con baja viscosidad. Estas boquillas son los m\u00e1s ideales para llenar productos espumosos. Algunos ejemplos de productos que se pueden llenar con este sistema [&hellip;]<\/p>\n","protected":false},"author":1,"featured_media":284,"parent":77,"menu_order":28,"comment_status":"closed","ping_status":"closed","template":"","meta":{"_et_pb_use_builder":"on","_et_pb_old_content":"","_et_gb_content_width":""},"_links":{"self":[{"href":"https:\/\/famensal.com\/2016\/wp-json\/wp\/v2\/pages\/155"}],"collection":[{"href":"https:\/\/famensal.com\/2016\/wp-json\/wp\/v2\/pages"}],"about":[{"href":"https:\/\/famensal.com\/2016\/wp-json\/wp\/v2\/types\/page"}],"author":[{"embeddable":true,"href":"https:\/\/famensal.com\/2016\/wp-json\/wp\/v2\/users\/1"}],"replies":[{"embeddable":true,"href":"https:\/\/famensal.com\/2016\/wp-json\/wp\/v2\/comments?post=155"}],"version-history":[{"count":3,"href":"https:\/\/famensal.com\/2016\/wp-json\/wp\/v2\/pages\/155\/revisions"}],"predecessor-version":[{"id":411,"href":"https:\/\/famensal.com\/2016\/wp-json\/wp\/v2\/pages\/155\/revisions\/411"}],"up":[{"embeddable":true,"href":"https:\/\/famensal.com\/2016\/wp-json\/wp\/v2\/pages\/77"}],"wp:featuredmedia":[{"embeddable":true,"href":"https:\/\/famensal.com\/2016\/wp-json\/wp\/v2\/media\/284"}],"wp:attachment":[{"href":"https:\/\/famensal.com\/2016\/wp-json\/wp\/v2\/media?parent=155"}],"curies":[{"name":"wp","href":"https:\/\/api.w.org\/{rel}","templated":true}]}}