{"id":153,"date":"2016-11-15T15:35:23","date_gmt":"2016-11-15T21:35:23","guid":{"rendered":"http:\/\/famensal.com\/2016\/semiautomaticas\/dosificador-de-piston\/"},"modified":"2017-05-29T15:38:53","modified_gmt":"2017-05-29T21:38:53","slug":"dosificador-de-piston","status":"publish","type":"page","link":"https:\/\/famensal.com\/2016\/semiautomaticas\/dosificador-de-piston\/","title":{"rendered":"Dosificador de Pist\u00f3n"},"content":{"rendered":"<p>[et_pb_section fb_built=\u00bb1&#8243; padding_mobile=\u00bboff\u00bb admin_label=\u00bbsection\u00bb][et_pb_row make_fullwidth=\u00bbon\u00bb padding_mobile=\u00bboff\u00bb background_color=\u00bb#074180&#8243; column_padding_mobile=\u00bbon\u00bb padding_top_1=\u00bb35px\u00bb padding_right_1=\u00bb35px\u00bb padding_bottom_1=\u00bb35px\u00bb padding_left_1=\u00bb35px\u00bb parallax_method_1=\u00bboff\u00bb admin_label=\u00bbFila\u00bb][et_pb_column type=\u00bb4_4&#8243; padding_bottom=\u00bb35px\u00bb padding_left=\u00bb35px\u00bb padding_right=\u00bb35px\u00bb padding_top=\u00bb35px\u00bb parallax=\u00bboff\u00bb parallax_method=\u00bboff\u00bb column_padding_mobile=\u00bbon\u00bb][et_pb_text background_layout=\u00bbdark\u00bb admin_label=\u00bbEncabezado\u00bb]<\/p>\n<h1>MODELO DPM-30<br \/>Dosificador de Pist&oacute;n Mec&aacute;nico<\/h1>\n<p>[\/et_pb_text][\/et_pb_column][\/et_pb_row][et_pb_row custom_padding=\u00bb100px||100px|\u00bb padding_mobile=\u00bboff\u00bb custom_margin=\u00bb|||\u00bb column_padding_mobile=\u00bbon\u00bb admin_label=\u00bbrow\u00bb][et_pb_column type=\u00bb1_3&#8243; parallax=\u00bboff\u00bb parallax_method=\u00bbon\u00bb column_padding_mobile=\u00bbon\u00bb][et_pb_image src=\u00bbhttp:\/\/famensal.com\/2016\/wp-content\/uploads\/2016\/11\/Dosificador-de-Pist\u00f3n.png\u00bb alt=\u00bbDP &#8211; Dosificador de Pist\u00f3n Mec\u00e1nico\u00bb title_text=\u00bbDP &#8211; Dosificador de Pist\u00f3n Mec\u00e1nico\u00bb show_in_lightbox=\u00bbon\u00bb use_overlay=\u00bbon\u00bb align=\u00bbcenter\u00bb admin_label=\u00bbImagen\u00bb] [\/et_pb_image][\/et_pb_column][et_pb_column type=\u00bb2_3&#8243; parallax=\u00bboff\u00bb parallax_method=\u00bbon\u00bb column_padding_mobile=\u00bbon\u00bb][et_pb_text admin_label=\u00bbTexto\u00bb]<\/p>\n<p>M\u00e1quina compacta y de simple dise\u00f1o de operaci\u00f3n mec\u00e1nica, ideal para la dosificaci\u00f3n de productos de alta viscosidad y pastosa, tales como : shampoo, mostazas, crema l\u00e1ctea, coberturas de chocolate, frijoles molidos etc. En recipientes pre-formados de pl\u00e1stico r\u00edgido, aluminio, met\u00e1licos, vidrio o bolsas pl\u00e1sticas.<\/p>\n<p>&nbsp;<\/p>\n<h3>Especificaciones T\u00e9cnicas:<\/h3>\n<div class=\"table-responsive\"><table  style=\"width:100%; \"  class=\"easy-table easy-table-minimal table table-striped\" >\n<thead>\r\n<tr><th >RANGO DE PESO A DOSIFICAR<\/th>\n<th > Desde 50 ml hasta 1500 ml.<\/th>\n<\/tr>\n<\/thead>\n<tbody>\r\n<tr><td >PRODUCCI\u00d3N<\/td>\n<td > 30 ciclos por minuto<\/td>\n<\/tr>\n\r\n<tr><td >ELECTRICIDAD<\/td>\n<td > 220 V trifasico 60Hz (est\u00e1ndar)<\/td>\n<\/tr>\n<\/tbody><\/table><\/div>\n<p>[\/et_pb_text][et_pb_text admin_label=\u00bbVideo\u00bb]<\/p>\n<h3>Video<\/h3>\n<p><iframe loading=\"lazy\" width=\"1080\" height=\"608\" src=\"https:\/\/www.youtube.com\/embed\/rpU7P1i1cAk?feature=oembed\" frameborder=\"0\" allowfullscreen><\/iframe><\/p>\n<p>[\/et_pb_text][\/et_pb_column][\/et_pb_row][et_pb_row make_fullwidth=\u00bbon\u00bb custom_padding=\u00bb50px|35px|50px|35px\u00bb padding_mobile=\u00bboff\u00bb background_color=\u00bb#dddddd\u00bb column_padding_mobile=\u00bbon\u00bb parallax_method_1=\u00bboff\u00bb admin_label=\u00bbFila\u00bb][et_pb_column type=\u00bb4_4&#8243; parallax=\u00bboff\u00bb parallax_method=\u00bboff\u00bb column_padding_mobile=\u00bbon\u00bb][et_pb_contact_form email=\u00bbinfo@famensal.com\u00bb title=\u00bbNecesita m\u00e1s informaci\u00f3n de este producto\u00bb custom_message=\u00bbSolicitud de informaci\u00f3n recibida en famensal.com:||et_pb_line_break_holder||||et_pb_line_break_holder||Producto: Dosificador de Pist\u00f3n||et_pb_line_break_holder||Nombre: %%Nombre%%||et_pb_line_break_holder||E-mail: %%Email%%||et_pb_line_break_holder||Mensaje: %%Mensaje%%\u00bb admin_label=\u00bbFormulario de contacto\u00bb module_id=\u00bbet_pb_contact_form_0&#8243;][et_pb_contact_field field_id=\u00bbNombre\u00bb field_title=\u00bbNombre\u00bb form_field_font=\u00bb||||\u00bb use_border_color=\u00bboff\u00bb] [\/et_pb_contact_field][et_pb_contact_field field_id=\u00bbEmail\u00bb field_title=\u00bbDirecci\u00f3n de correo electr\u00f3nico\u00bb field_type=\u00bbemail\u00bb form_field_font=\u00bb||||\u00bb use_border_color=\u00bboff\u00bb] [\/et_pb_contact_field][et_pb_contact_field field_id=\u00bbMensaje\u00bb field_title=\u00bbMensaje\u00bb field_type=\u00bbtext\u00bb fullwidth_field=\u00bbon\u00bb form_field_font=\u00bb||||\u00bb use_border_color=\u00bboff\u00bb] [\/et_pb_contact_field][\/et_pb_contact_form][\/et_pb_column][\/et_pb_row][\/et_pb_section][et_pb_section fb_built=\u00bb1&#8243; background_color=\u00bb#001f51&#8243; custom_padding=\u00bb50px|50px|50px|50px\u00bb padding_mobile=\u00bboff\u00bb make_fullwidth=\u00bbon\u00bb use_custom_gutter=\u00bbon\u00bb gutter_width=\u00bb3&#8243; parallax_1=\u00bboff\u00bb parallax_2=\u00bboff\u00bb parallax_3=\u00bboff\u00bb parallax_method_1=\u00bbon\u00bb parallax_method_2=\u00bbon\u00bb parallax_method_3=\u00bbon\u00bb disabled_on=\u00bboff|off|off\u00bb admin_label=\u00bbImagen\u00bb global_module=\u00bb389&#8243; locked=\u00bboff\u00bb][et_pb_row make_fullwidth=\u00bbon\u00bb use_custom_gutter=\u00bbon\u00bb gutter_width=\u00bb3&#8243; custom_padding=\u00bb50px|50px|50px|50px\u00bb padding_mobile=\u00bboff\u00bb column_padding_mobile=\u00bbon\u00bb disabled_on=\u00bboff|off|off\u00bb admin_label=\u00bbrow\u00bb locked=\u00bboff\u00bb][et_pb_column type=\u00bb1_3&#8243; parallax=\u00bboff\u00bb parallax_method=\u00bbon\u00bb column_padding_mobile=\u00bbon\u00bb][et_pb_blurb title=\u00bbDirecci\u00f3n\u00bb use_icon=\u00bbon\u00bb font_icon=\u00bb\ue083\u00bb icon_color=\u00bb#f18647&#8243; icon_placement=\u00bbleft\u00bb background_layout=\u00bbdark\u00bb text_orientation=\u00bbcenter\u00bb disabled_on=\u00bboff|off|off\u00bb admin_label=\u00bbDirecci\u00f3n\u00bb locked=\u00bboff\u00bb]<\/p>\n<p>Kil\u00f3metro 11 \u00bd Autopista a Comalapa. San Marcos. El Salvador, Centroamerica.<\/p>\n<p>[\/et_pb_blurb][et_pb_blurb title=\u00bbCont\u00e1ctenos\u00bb use_icon=\u00bbon\u00bb font_icon=\u00bb\ue090\u00bb icon_color=\u00bb#f18647&#8243; icon_placement=\u00bbleft\u00bb background_layout=\u00bbdark\u00bb text_orientation=\u00bbcenter\u00bb admin_label=\u00bbTel\u00e9fonos Email\u00bb]<\/p>\n<p>PBX.(503) 2205-6800<br \/>\nFax.(503) 2205-6820<br \/>\nCorreos Electr\u00f3nicos:<\/p>\n<ul>\n<li><span style=\"color: #ffffff;\"><a style=\"color: #ffffff;\" href=\"mailto:info@famensal.com\">info@famensal.com<\/a><\/span><\/li>\n<li><span style=\"color: #ffffff;\"><a style=\"color: #ffffff;\" href=\"mailto:ventas@famensal.com\">ventas@famensal.com<\/a><\/span><\/li>\n<li><span style=\"color: #ffffff;\"><a style=\"color: #ffffff;\" href=\"mailto:desarrollotecnologia@famensal.com\">desarrollotecnologia@famensal.com<\/a><\/span><\/li>\n<\/ul>\n<p>[\/et_pb_blurb][\/et_pb_column][et_pb_column type=\u00bb1_3&#8243; parallax=\u00bboff\u00bb parallax_method=\u00bbon\u00bb column_padding_mobile=\u00bbon\u00bb][et_pb_image src=\u00bbhttp:\/\/famensal.com\/2016\/wp-content\/uploads\/2016\/10\/Banner-Ubicacion.jpg\u00bb alt=\u00bbMapa de Ubicaci\u00f3n\u00bb title_text=\u00bbMapa de Ubicaci\u00f3n\u00bb url=\u00bbhttp:\/\/famensal.com\/2016\/contactenos\/\u00bb disabled_on=\u00bboff|off|off\u00bb admin_label=\u00bbImagen\u00bb locked=\u00bboff\u00bb]<br \/>\n[\/et_pb_image][\/et_pb_column][et_pb_column type=\u00bb1_3&#8243; parallax=\u00bboff\u00bb parallax_method=\u00bbon\u00bb column_padding_mobile=\u00bbon\u00bb][et_pb_image src=\u00bbhttp:\/\/famensal.com\/2016\/wp-content\/uploads\/2017\/03\/Banner-YouTube.jpg\u00bb alt=\u00bbCanal de YouUbe de FAMENSAL\u00bb title_text=\u00bbCanal de YouUbe de FAMENSAL\u00bb url=\u00bbhttps:\/\/www.youtube.com\/channel\/UCY1SFjLJtJrHqVF4S77DKCQ\u00bb url_new_window=\u00bbon\u00bb disabled_on=\u00bboff|off|off\u00bb admin_label=\u00bbImagen\u00bb locked=\u00bboff\u00bb]<br \/>\n[\/et_pb_image][\/et_pb_column][\/et_pb_row][\/et_pb_section]<\/p>\n","protected":false},"excerpt":{"rendered":"<p>MODELO DPM-30Dosificador de Pist&oacute;n Mec&aacute;nico M\u00e1quina compacta y de simple dise\u00f1o de operaci\u00f3n mec\u00e1nica, ideal para la dosificaci\u00f3n de productos de alta viscosidad y pastosa, tales como : shampoo, mostazas, crema l\u00e1ctea, coberturas de chocolate, frijoles molidos etc. En recipientes pre-formados de pl\u00e1stico r\u00edgido, aluminio, met\u00e1licos, vidrio o bolsas pl\u00e1sticas. &nbsp; Especificaciones T\u00e9cnicas: <\/p>\n","protected":false},"author":1,"featured_media":282,"parent":77,"menu_order":26,"comment_status":"closed","ping_status":"closed","template":"","meta":{"_et_pb_use_builder":"on","_et_pb_old_content":"","_et_gb_content_width":""},"_links":{"self":[{"href":"https:\/\/famensal.com\/2016\/wp-json\/wp\/v2\/pages\/153"}],"collection":[{"href":"https:\/\/famensal.com\/2016\/wp-json\/wp\/v2\/pages"}],"about":[{"href":"https:\/\/famensal.com\/2016\/wp-json\/wp\/v2\/types\/page"}],"author":[{"embeddable":true,"href":"https:\/\/famensal.com\/2016\/wp-json\/wp\/v2\/users\/1"}],"replies":[{"embeddable":true,"href":"https:\/\/famensal.com\/2016\/wp-json\/wp\/v2\/comments?post=153"}],"version-history":[{"count":3,"href":"https:\/\/famensal.com\/2016\/wp-json\/wp\/v2\/pages\/153\/revisions"}],"predecessor-version":[{"id":597,"href":"https:\/\/famensal.com\/2016\/wp-json\/wp\/v2\/pages\/153\/revisions\/597"}],"up":[{"embeddable":true,"href":"https:\/\/famensal.com\/2016\/wp-json\/wp\/v2\/pages\/77"}],"wp:featuredmedia":[{"embeddable":true,"href":"https:\/\/famensal.com\/2016\/wp-json\/wp\/v2\/media\/282"}],"wp:attachment":[{"href":"https:\/\/famensal.com\/2016\/wp-json\/wp\/v2\/media?parent=153"}],"curies":[{"name":"wp","href":"https:\/\/api.w.org\/{rel}","templated":true}]}}