{"id":141,"date":"2016-11-15T15:35:23","date_gmt":"2016-11-15T21:35:23","guid":{"rendered":"http:\/\/famensal.com\/2016\/envasadoras-automaticas\/granulados\/ecv-400\/"},"modified":"2017-06-07T17:24:57","modified_gmt":"2017-06-07T23:24:57","slug":"ecv-400","status":"publish","type":"page","link":"https:\/\/famensal.com\/2016\/envasadoras-automaticas\/granulados\/ecv-400\/","title":{"rendered":"ECV-400"},"content":{"rendered":"<p>[et_pb_section bb_built=\u00bb1&#8243; admin_label=\u00bbsection\u00bb transparent_background=\u00bboff\u00bb allow_player_pause=\u00bboff\u00bb inner_shadow=\u00bboff\u00bb parallax=\u00bboff\u00bb parallax_method=\u00bbon\u00bb padding_mobile=\u00bboff\u00bb make_fullwidth=\u00bboff\u00bb use_custom_width=\u00bboff\u00bb width_unit=\u00bboff\u00bb custom_width_px=\u00bb1080px\u00bb custom_width_percent=\u00bb80%\u00bb make_equal=\u00bboff\u00bb use_custom_gutter=\u00bboff\u00bb fullwidth=\u00bboff\u00bb specialty=\u00bboff\u00bb disabled=\u00bboff\u00bb][et_pb_row admin_label=\u00bbFila\u00bb make_fullwidth=\u00bbon\u00bb use_custom_width=\u00bboff\u00bb width_unit=\u00bbon\u00bb custom_width_px=\u00bb1080px\u00bb custom_width_percent=\u00bb80%\u00bb use_custom_gutter=\u00bboff\u00bb gutter_width=\u00bb1&#8243; padding_mobile=\u00bboff\u00bb background_color=\u00bb#074180&#8243; allow_player_pause=\u00bboff\u00bb parallax=\u00bboff\u00bb parallax_method=\u00bboff\u00bb make_equal=\u00bboff\u00bb column_padding_mobile=\u00bbon\u00bb padding_top_1=\u00bb35px\u00bb padding_right_1=\u00bb35px\u00bb padding_bottom_1=\u00bb35px\u00bb padding_left_1=\u00bb35px\u00bb parallax_1=\u00bboff\u00bb parallax_method_1=\u00bboff\u00bb parallax_2=\u00bboff\u00bb parallax_method_2=\u00bbon\u00bb parallax_3=\u00bboff\u00bb parallax_method_3=\u00bbon\u00bb parallax_4=\u00bboff\u00bb parallax_method_4=\u00bbon\u00bb disabled=\u00bboff\u00bb][et_pb_column type=\u00bb4_4&#8243;][et_pb_text admin_label=\u00bbEncabezado\u00bb background_layout=\u00bbdark\u00bb text_orientation=\u00bbleft\u00bb use_border_color=\u00bboff\u00bb border_style=\u00bbsolid\u00bb disabled=\u00bboff\u00bb border_color=\u00bb#ffffff\u00bb]<\/p>\n<h1>MODELO ECV-400<\/h1>\n<h3>MAQUINA ENVASADORA VERTICAL AUTOM\u00c1TICA.<\/h3>\n<p>[\/et_pb_text][\/et_pb_column][\/et_pb_row][et_pb_row admin_label=\u00bbrow\u00bb make_fullwidth=\u00bboff\u00bb use_custom_width=\u00bboff\u00bb width_unit=\u00bboff\u00bb custom_width_px=\u00bb1080px\u00bb custom_width_percent=\u00bb80%\u00bb use_custom_gutter=\u00bboff\u00bb gutter_width=\u00bb1&#8243; custom_padding=\u00bb100px||100px|\u00bb padding_mobile=\u00bboff\u00bb custom_margin=\u00bb|||\u00bb allow_player_pause=\u00bboff\u00bb parallax=\u00bboff\u00bb parallax_method=\u00bbon\u00bb make_equal=\u00bboff\u00bb column_padding_mobile=\u00bbon\u00bb parallax_1=\u00bboff\u00bb parallax_method_1=\u00bbon\u00bb parallax_2=\u00bboff\u00bb parallax_method_2=\u00bbon\u00bb parallax_3=\u00bboff\u00bb parallax_method_3=\u00bbon\u00bb parallax_4=\u00bboff\u00bb parallax_method_4=\u00bbon\u00bb disabled=\u00bboff\u00bb][et_pb_column type=\u00bb1_3&#8243;][et_pb_image admin_label=\u00bbImagen\u00bb src=\u00bbhttp:\/\/famensal.com\/2016\/wp-content\/uploads\/2016\/11\/ECV-400.jpg\u00bb alt=\u00bbMODELO ECV-400 MAQUINA ENVASADORA VERTICAL AUTOMATICA\u00bb title_text=\u00bbMODELO ECV-400 MAQUINA ENVASADORA VERTICAL AUTOMATICA\u00bb show_in_lightbox=\u00bbon\u00bb url_new_window=\u00bboff\u00bb use_overlay=\u00bbon\u00bb sticky=\u00bboff\u00bb align=\u00bbcenter\u00bb force_fullwidth=\u00bboff\u00bb always_center_on_mobile=\u00bbon\u00bb use_border_color=\u00bboff\u00bb border_color=\u00bb#ffffff\u00bb border_style=\u00bbsolid\u00bb disabled=\u00bboff\u00bb animation=\u00bbleft\u00bb \/][\/et_pb_column][et_pb_column type=\u00bb2_3&#8243;][et_pb_text admin_label=\u00bbTexto\u00bb background_layout=\u00bblight\u00bb text_orientation=\u00bbleft\u00bb use_border_color=\u00bboff\u00bb border_style=\u00bbsolid\u00bb disabled=\u00bboff\u00bb border_color=\u00bb#ffffff\u00bb]<\/p>\n<p>El modelo ecv-400 es una maquina robusta, Dise\u00f1ada para envasar productos granulados tales como: az\u00facar, sal, especias etc. En sobres m\u00faltiples de cuatro sellos.<\/p>\n<p>&nbsp;<\/p>\n<h3>Especificaciones T\u00e9cnicas:<\/h3>\n<div class=\"table-responsive\"><table  style=\"width:100%; \"  class=\"easy-table easy-table-minimal table table-striped\" >\n<thead>\r\n<tr><th >PESO A LLENAR<\/th>\n<th > Desde 2 gramos hasta 6 gramos.<\/th>\n<\/tr>\n<\/thead>\n<tbody>\r\n<tr><td >PRODUCCI\u00d3N<\/td>\n<td > Hasta 240 bolsas por minuto<\/td>\n<\/tr>\n\r\n<tr><td >TAMA\u00d1O DE SOBRESITOS<\/td>\n<td > 37mm. Ancho m\u00ednimo. 89 mm. Largo m\u00e1ximo.<\/td>\n<\/tr>\n\r\n<tr><td >ELECTRICIDAD<\/td>\n<td > 220v trif\u00e1sico 60 hz.<\/td>\n<\/tr>\n\r\n<tr><td >REQUISITOS NEUM\u00c1TICOS<\/td>\n<td > \u00ab80 psi constante<\/td>\n<td > consumo 1000 l \/min.\u00bb<\/td>\n<\/tr>\n<\/tbody><\/table><\/div>\n<p>[\/et_pb_text][\/et_pb_column][\/et_pb_row][et_pb_row admin_label=\u00bbFila\u00bb make_fullwidth=\u00bbon\u00bb use_custom_width=\u00bboff\u00bb width_unit=\u00bbon\u00bb use_custom_gutter=\u00bboff\u00bb custom_padding=\u00bb50px|35px|50px|35px\u00bb padding_mobile=\u00bboff\u00bb background_color=\u00bb#dddddd\u00bb allow_player_pause=\u00bboff\u00bb parallax=\u00bboff\u00bb parallax_method=\u00bboff\u00bb make_equal=\u00bboff\u00bb parallax_1=\u00bboff\u00bb parallax_method_1=\u00bboff\u00bb column_padding_mobile=\u00bbon\u00bb][et_pb_column type=\u00bb4_4&#8243;][et_pb_contact_form admin_label=\u00bbFormulario de contacto\u00bb captcha=\u00bbon\u00bb email=\u00bbinfo@famensal.com\u00bb title=\u00bbNecesita m\u00e1s informaci\u00f3n de este producto\u00bb custom_message=\u00bbSolicitud de informaci\u00f3n recibida en famensal.com:<\/p>\n<p>Producto: ECV-400<br \/>\nNombre: %%Nombre%%<br \/>\nE-mail: %%Email%%<br \/>\nMensaje: %%Mensaje%%\u00bb use_redirect=\u00bboff\u00bb input_border_radius=\u00bb0&#8243; use_border_color=\u00bboff\u00bb border_color=\u00bb#ffffff\u00bb border_style=\u00bbsolid\u00bb custom_button=\u00bboff\u00bb button_letter_spacing=\u00bb0&#8243; button_use_icon=\u00bbdefault\u00bb button_icon_placement=\u00bbright\u00bb button_on_hover=\u00bbon\u00bb button_letter_spacing_hover=\u00bb0&#8243;] [et_pb_contact_field field_title=\u00bbNombre\u00bb field_type=\u00bbinput\u00bb field_id=\u00bbNombre\u00bb required_mark=\u00bbon\u00bb fullwidth_field=\u00bboff\u00bb form_field_font_select=\u00bbdefault\u00bb form_field_font=\u00bb||||\u00bb use_border_color=\u00bboff\u00bb border_style=\u00bbsolid\u00bb] [\/et_pb_contact_field][et_pb_contact_field field_title=\u00bbDirecci\u00f3n de correo electr\u00f3nico\u00bb field_type=\u00bbemail\u00bb field_id=\u00bbEmail\u00bb required_mark=\u00bbon\u00bb fullwidth_field=\u00bboff\u00bb form_field_font_select=\u00bbdefault\u00bb form_field_font=\u00bb||||\u00bb use_border_color=\u00bboff\u00bb border_style=\u00bbsolid\u00bb] [\/et_pb_contact_field][et_pb_contact_field field_title=\u00bbMensaje\u00bb field_type=\u00bbtext\u00bb field_id=\u00bbMensaje\u00bb required_mark=\u00bbon\u00bb fullwidth_field=\u00bbon\u00bb form_field_font_select=\u00bbdefault\u00bb form_field_font=\u00bb||||\u00bb use_border_color=\u00bboff\u00bb border_style=\u00bbsolid\u00bb] [\/et_pb_contact_field] [\/et_pb_contact_form][\/et_pb_column][\/et_pb_row][\/et_pb_section][et_pb_section bb_built=\u00bb1&#8243; admin_label=\u00bbsection\u00bb transparent_background=\u00bboff\u00bb background_color=\u00bb#001f51&#8243; allow_player_pause=\u00bboff\u00bb inner_shadow=\u00bboff\u00bb parallax=\u00bboff\u00bb parallax_method=\u00bbon\u00bb custom_padding=\u00bb50px|50px|50px|50px\u00bb padding_mobile=\u00bboff\u00bb make_fullwidth=\u00bboff\u00bb use_custom_width=\u00bboff\u00bb width_unit=\u00bboff\u00bb custom_width_px=\u00bb1080px\u00bb custom_width_percent=\u00bb80%\u00bb make_equal=\u00bboff\u00bb use_custom_gutter=\u00bboff\u00bb gutter_width=\u00bb3&#8243; fullwidth=\u00bboff\u00bb specialty=\u00bboff\u00bb parallax_1=\u00bboff\u00bb parallax_2=\u00bboff\u00bb parallax_3=\u00bboff\u00bb parallax_method_1=\u00bbon\u00bb parallax_method_2=\u00bbon\u00bb parallax_method_3=\u00bbon\u00bb disabled_on=\u00bboff|off|off\u00bb disabled=\u00bboff\u00bb global_module=\u00bb389&#8243;][et_pb_row admin_label=\u00bbrow\u00bb global_parent=\u00bb389&#8243; make_fullwidth=\u00bbon\u00bb use_custom_width=\u00bboff\u00bb width_unit=\u00bboff\u00bb custom_width_px=\u00bb1080px\u00bb custom_width_percent=\u00bb80%\u00bb use_custom_gutter=\u00bbon\u00bb gutter_width=\u00bb3&#8243; custom_padding=\u00bb50px|50px|50px|50px\u00bb padding_mobile=\u00bboff\u00bb allow_player_pause=\u00bboff\u00bb parallax=\u00bboff\u00bb parallax_method=\u00bbon\u00bb make_equal=\u00bboff\u00bb column_padding_mobile=\u00bbon\u00bb parallax_1=\u00bboff\u00bb parallax_method_1=\u00bbon\u00bb parallax_2=\u00bboff\u00bb parallax_method_2=\u00bbon\u00bb parallax_3=\u00bboff\u00bb parallax_method_3=\u00bbon\u00bb parallax_4=\u00bboff\u00bb parallax_method_4=\u00bbon\u00bb disabled_on=\u00bboff|off|off\u00bb disabled=\u00bboff\u00bb locked=\u00bboff\u00bb][et_pb_column type=\u00bb1_3&#8243;][et_pb_blurb admin_label=\u00bbDirecci\u00f3n\u00bb global_parent=\u00bb389&#8243; title=\u00bbDirecci\u00f3n\u00bb url_new_window=\u00bboff\u00bb use_icon=\u00bbon\u00bb font_icon=\u00bb\ue083\u00bb icon_color=\u00bb#f18647&#8243; use_circle=\u00bboff\u00bb circle_color=\u00bb#074080&#8243; use_circle_border=\u00bboff\u00bb circle_border_color=\u00bb#074080&#8243; icon_placement=\u00bbleft\u00bb animation=\u00bbtop\u00bb background_layout=\u00bbdark\u00bb text_orientation=\u00bbcenter\u00bb use_icon_font_size=\u00bboff\u00bb icon_font_size=\u00bb96px\u00bb disabled_on=\u00bboff|off|off\u00bb use_border_color=\u00bboff\u00bb border_color=\u00bb#ffffff\u00bb border_width=\u00bb1px\u00bb border_style=\u00bbsolid\u00bb disabled=\u00bboff\u00bb locked=\u00bboff\u00bb] Kil\u00f3metro 11 \u00bd Autopista a Comalapa. San Marcos. El Salvador, Centroamerica. [\/et_pb_blurb][et_pb_blurb admin_label=\u00bbTel\u00e9fonos Email\u00bb global_parent=\u00bb389&#8243; title=\u00bbCont\u00e1ctenos\u00bb url_new_window=\u00bboff\u00bb use_icon=\u00bbon\u00bb font_icon=\u00bb\ue090\u00bb icon_color=\u00bb#f18647&#8243; use_circle=\u00bboff\u00bb circle_color=\u00bb#074080&#8243; use_circle_border=\u00bboff\u00bb circle_border_color=\u00bb#074080&#8243; icon_placement=\u00bbleft\u00bb animation=\u00bbtop\u00bb background_layout=\u00bbdark\u00bb text_orientation=\u00bbcenter\u00bb use_icon_font_size=\u00bboff\u00bb use_border_color=\u00bboff\u00bb border_color=\u00bb#ffffff\u00bb border_style=\u00bbsolid\u00bb disabled=\u00bboff\u00bb] PBX.(503) 2205-6800 Fax.(503) 2205-6820 Correos Electr\u00f3nicos:<\/p>\n<ul>\n<li><span style=\"color: #ffffff;\"><a style=\"color: #ffffff;\" href=\"mailto:info@famensal.com\">info@famensal.com<\/a><\/span><\/li>\n<li><span style=\"color: #ffffff;\"><a style=\"color: #ffffff;\" href=\"mailto:ventas@famensal.com\">ventas@famensal.com<\/a><\/span><\/li>\n<li><span style=\"color: #ffffff;\"><a style=\"color: #ffffff;\" href=\"mailto:desarrollotecnologia@famensal.com\">desarrollotecnologia@famensal.com<\/a><\/span><\/li>\n<\/ul>\n<p>[\/et_pb_blurb][\/et_pb_column][et_pb_column type=\u00bb1_3&#8243;][et_pb_image admin_label=\u00bbImagen\u00bb global_parent=\u00bb389&#8243; src=\u00bbhttp:\/\/famensal.com\/2016\/wp-content\/uploads\/2016\/10\/Banner-Ubicacion.jpg\u00bb alt=\u00bbMapa de Ubicaci\u00f3n\u00bb title_text=\u00bbMapa de Ubicaci\u00f3n\u00bb show_in_lightbox=\u00bboff\u00bb url=\u00bbhttp:\/\/famensal.com\/2016\/contactenos\/\u00bb url_new_window=\u00bboff\u00bb use_overlay=\u00bboff\u00bb animation=\u00bbleft\u00bb sticky=\u00bboff\u00bb align=\u00bbleft\u00bb force_fullwidth=\u00bboff\u00bb always_center_on_mobile=\u00bbon\u00bb disabled_on=\u00bboff|off|off\u00bb locked=\u00bboff\u00bb disabled=\u00bboff\u00bb use_border_color=\u00bboff\u00bb border_color=\u00bb#ffffff\u00bb border_style=\u00bbsolid\u00bb \/][\/et_pb_column][et_pb_column type=\u00bb1_3&#8243;][et_pb_image admin_label=\u00bbImagen\u00bb global_parent=\u00bb389&#8243; src=\u00bbhttp:\/\/famensal.com\/2016\/wp-content\/uploads\/2017\/03\/Banner-YouTube.jpg\u00bb alt=\u00bbCanal de YouUbe de FAMENSAL\u00bb title_text=\u00bbCanal de YouUbe de FAMENSAL\u00bb show_in_lightbox=\u00bboff\u00bb url=\u00bbhttps:\/\/www.youtube.com\/channel\/UCY1SFjLJtJrHqVF4S77DKCQ\u00bb url_new_window=\u00bbon\u00bb use_overlay=\u00bboff\u00bb animation=\u00bbleft\u00bb sticky=\u00bboff\u00bb align=\u00bbleft\u00bb force_fullwidth=\u00bboff\u00bb always_center_on_mobile=\u00bbon\u00bb disabled_on=\u00bboff|off|off\u00bb locked=\u00bboff\u00bb disabled=\u00bboff\u00bb use_border_color=\u00bboff\u00bb border_color=\u00bb#ffffff\u00bb border_style=\u00bbsolid\u00bb \/][\/et_pb_column][\/et_pb_row][\/et_pb_section]<\/p>\n","protected":false},"excerpt":{"rendered":"<p>MODELO ECV-400 MAQUINA ENVASADORA VERTICAL AUTOM\u00c1TICA. El modelo ecv-400 es una maquina robusta, Dise\u00f1ada para envasar productos granulados tales como: az\u00facar, sal, especias etc. En sobres m\u00faltiples de cuatro sellos. &nbsp; Especificaciones T\u00e9cnicas:  PESO A LLENAR, Desde 2 gramos hasta 6 gramos. PRODUCCI\u00d3N, Hasta 240 bolsas por minuto TAMA\u00d1O DE SOBRESITOS, 37mm. [&hellip;]<\/p>\n","protected":false},"author":1,"featured_media":232,"parent":137,"menu_order":14,"comment_status":"closed","ping_status":"closed","template":"","meta":{"_et_pb_use_builder":"on","_et_pb_old_content":"","_et_gb_content_width":""},"_links":{"self":[{"href":"https:\/\/famensal.com\/2016\/wp-json\/wp\/v2\/pages\/141"}],"collection":[{"href":"https:\/\/famensal.com\/2016\/wp-json\/wp\/v2\/pages"}],"about":[{"href":"https:\/\/famensal.com\/2016\/wp-json\/wp\/v2\/types\/page"}],"author":[{"embeddable":true,"href":"https:\/\/famensal.com\/2016\/wp-json\/wp\/v2\/users\/1"}],"replies":[{"embeddable":true,"href":"https:\/\/famensal.com\/2016\/wp-json\/wp\/v2\/comments?post=141"}],"version-history":[{"count":6,"href":"https:\/\/famensal.com\/2016\/wp-json\/wp\/v2\/pages\/141\/revisions"}],"predecessor-version":[{"id":638,"href":"https:\/\/famensal.com\/2016\/wp-json\/wp\/v2\/pages\/141\/revisions\/638"}],"up":[{"embeddable":true,"href":"https:\/\/famensal.com\/2016\/wp-json\/wp\/v2\/pages\/137"}],"wp:featuredmedia":[{"embeddable":true,"href":"https:\/\/famensal.com\/2016\/wp-json\/wp\/v2\/media\/232"}],"wp:attachment":[{"href":"https:\/\/famensal.com\/2016\/wp-json\/wp\/v2\/media?parent=141"}],"curies":[{"name":"wp","href":"https:\/\/api.w.org\/{rel}","templated":true}]}}